{"id":50,"date":"2022-04-13T17:03:40","date_gmt":"2022-04-13T15:03:40","guid":{"rendered":"https:\/\/xhander.com\/?page_id=50"},"modified":"2026-03-26T13:40:19","modified_gmt":"2026-03-26T12:40:19","slug":"home","status":"publish","type":"page","link":"https:\/\/xhander.com\/en\/","title":{"rendered":"Home"},"content":{"rendered":"<div class=\"hp-gamme bg-site d-flex align-items-center\">\n  <div class=\"container\">\n\t\t<h2 class=\"h2-title color-white slideup-text\"><span><span>Discover our products perfectly adapted to your needs, to build tomorrow\u2019s world<br \/>\r\n<br \/>\r\n<\/span><\/span><\/h2>\n    <div class=\"slider-produits\">\n            \n              <div class=\"item-produit\" data-number=\"4\">\n          <a href=\"\" >\n            <div class=\"square d-flex justify-content-center align-items-center pos-rel\">\n              <img decoding=\"async\" src=\"https:\/\/xhander.com\/wp-content\/uploads\/2022\/04\/fournitures.png\" alt=\"fournitures\" width=\"166\" height=\"166\">\n              <ul class=\"liste pos-abs\">\n                                  <li class=\"item-liste\">Hand tools<\/li>\n                                  <li class=\"item-liste\">Measuring, checking and tracing tools<\/li>\n                                  <li class=\"item-liste\">Workshop equipment, welding<\/li>\n                                  <li class=\"item-liste\">Lifting and handling<\/li>\n                                  <li class=\"item-liste\">Jobsite equipment<\/li>\n                                  <li class=\"item-liste\">Electrical<\/li>\n                                  <li class=\"item-liste\">Consumables<\/li>\n                                  <li class=\"item-liste\">Fasteners<\/li>\n                              <\/ul>\n            <\/div>\n            <h3 class=\"sous-titre font-title\">Building supplies and tools<\/h3>\n          <\/a>\n        <\/div>\n              <div class=\"item-produit\" data-number=\"4\">\n          <a href=\"\" >\n            <div class=\"square d-flex justify-content-center align-items-center pos-rel\">\n              <img decoding=\"async\" src=\"https:\/\/xhander.com\/wp-content\/uploads\/2022\/04\/quincaillerie.png\" alt=\"quincaillerie\" width=\"166\" height=\"166\">\n              <ul class=\"liste pos-abs\">\n                                  <li class=\"item-liste\">Locks<\/li>\n                                  <li class=\"item-liste\">Padlocks<\/li>\n                                  <li class=\"item-liste\">Access control<\/li>\n                                  <li class=\"item-liste\">Door accessories<\/li>\n                                  <li class=\"item-liste\">Mailboxes<\/li>\n                                  <li class=\"item-liste\">Cylinders<\/li>\n                              <\/ul>\n            <\/div>\n            <h3 class=\"sous-titre font-title\">Hardware<\/h3>\n          <\/a>\n        <\/div>\n              <div class=\"item-produit\" data-number=\"4\">\n          <a href=\"\" >\n            <div class=\"square d-flex justify-content-center align-items-center pos-rel\">\n              <img decoding=\"async\" src=\"https:\/\/xhander.com\/wp-content\/uploads\/2022\/04\/plomberie.png\" alt=\"plomberie\" width=\"166\" height=\"166\">\n              <ul class=\"liste pos-abs\">\n                                  <li class=\"item-liste\">Taps and fittings<\/li>\n                                  <li class=\"item-liste\">Heaters<\/li>\n                                  <li class=\"item-liste\">Shower trays<\/li>\n                                  <li class=\"item-liste\">Toilet packs<\/li>\n                                  <li class=\"item-liste\">Hoses<\/li>\n                              <\/ul>\n            <\/div>\n            <h3 class=\"sous-titre font-title\">Plumbing, Heating &#038; Sanitation<\/h3>\n          <\/a>\n        <\/div>\n              <div class=\"item-produit\" data-number=\"4\">\n          <a href=\"\" >\n            <div class=\"square d-flex justify-content-center align-items-center pos-rel\">\n              <img decoding=\"async\" src=\"https:\/\/xhander.com\/wp-content\/uploads\/2022\/04\/amenagement.png\" alt=\"amenagement\" width=\"166\" height=\"166\">\n              <ul class=\"liste pos-abs\">\n                                  <li class=\"item-liste\">Gates<\/li>\n                                  <li class=\"item-liste\">Wire mesh<\/li>\n                                  <li class=\"item-liste\">Occulting systems<\/li>\n                                  <li class=\"item-liste\">Geotextile<\/li>\n                              <\/ul>\n            <\/div>\n            <h3 class=\"sous-titre font-title\">Fencing<\/h3>\n          <\/a>\n        <\/div>\n          <\/div>\n\t<\/div>  \n<\/div>\n\n<div class=\"m2-text-image\">\n  <div class=\"row m-0 p-0\">\n    <div class=\"col-lg-6 col-12 p-0 col-text order-lg-first order-first\">\n      <div class=\"content-text d-flex flex-column justify-content-center\">\n        <h2 class=\"h2-title color-title\">OUR COMMITMENTS<\/h2>\n        <div class=\"text color-text\"><p><strong>THE BEST PRODUCT AT THE RIGHT PRICE<\/strong><\/p>\n<p>We offer solutions where quality always matches the price: the guarantee of a high-performance, practical product that is perfectly suited to meet the needs of professionals.<\/p>\n<p><strong>RELIABILITY AND PERFORMANCE<\/strong><\/p>\n<p>Our products are designed to last, withstand heavy use and support professionals in their most demanding tasks.<\/p>\n<p><strong>360\u00b0 OFFER<\/strong><\/p>\n<p>We cover all the needs of the construction industry with a broad, structured and evolving range, ensuring everyone can find the right solution.<\/p>\n<p><strong>AN APPROACH TO SUSTAINABLE DEVELOPMENT<\/strong><\/p>\n<p>We are moving towards a more responsible approach, integrating sustainability and continuous improvement into our products, processes and partnerships.<\/p>\n<\/div>\n\n\n        \n      <\/div>\n    <\/div>\n\n              \n    <div class=\"col-lg-6 col-12 p-0 col-img order-lg-last order-last\">\n      <img decoding=\"async\" class=\"img\" src=\"https:\/\/xhander.com\/wp-content\/uploads\/2026\/03\/ourcommitments3.png\" alt=\"\" width=\"960\">\n    <\/div>\n  <\/div>\n<\/div>\n\n<div class=\"container\">\n<p><\/p>\n<\/div>\n\n<div class=\"m2-text-image\">\n  <div class=\"row m-0 p-0\">\n    <div class=\"col-lg-6 col-12 p-0 col-text order-lg-last order-first\">\n      <div class=\"content-text d-flex flex-column justify-content-center\">\n        <h2 class=\"h2-title color-title\">A comprehensive range for all professionals<\/h2>\n        <div class=\"text color-text\"><p>Discover the new XHANDER catalogue: over 3,000 products in one place, helping you find the solutions that meet your needs.<\/p>\n<\/div>\n\n\n                  <a class=\"link-brochure color-text d-flex align-items-center\" href=\"https:\/\/doc.xhander.com\/book\/catalogue-xhander-en\" >\n                      <div class=\"txt\">View it online<\/div>\n            <span class=\"arrow-btn\">\n              <span class=\"icons\">\n                <svg width=\"39\" height=\"23\" viewBox=\"0 0 39 23\" fill=\"none\" xmlns=\"http:\/\/www.w3.org\/2000\/svg\">\n                  <path d=\"M1.0066 10.6855C9.03006 10.6855 27.0535 10.6855 35.1628 10.6855C32.0682 7.85517 29.0198 5.07261 25.9582 2.2696C26.3013 1.86723 26.6444 1.46485 27.0007 1.04883C27.2713 1.29435 27.5352 1.53305 27.7925 1.77175C31.0982 4.793 34.4106 7.81425 37.7163 10.8423C38.099 11.1901 38.099 11.8176 37.7163 12.1654C34.2588 15.323 30.7947 18.4875 27.3372 21.6452C27.2317 21.7406 27.1261 21.8361 27.0007 21.9521C26.651 21.5429 26.3145 21.1473 25.9516 20.7313C29.0066 17.9351 32.055 15.1525 35.1562 12.3154C27.0535 12.3154 9.03006 12.3154 1 12.3154C1.0066 11.7698 1.0066 11.2242 1.0066 10.6855Z\" fill=\"currentColor\" stroke=\"currentColor\"\/>\n                <\/svg>\n                <svg width=\"39\" height=\"23\" viewBox=\"0 0 39 23\" fill=\"none\" xmlns=\"http:\/\/www.w3.org\/2000\/svg\">\n                  <path d=\"M1.0066 10.6855C9.03006 10.6855 27.0535 10.6855 35.1628 10.6855C32.0682 7.85517 29.0198 5.07261 25.9582 2.2696C26.3013 1.86723 26.6444 1.46485 27.0007 1.04883C27.2713 1.29435 27.5352 1.53305 27.7925 1.77175C31.0982 4.793 34.4106 7.81425 37.7163 10.8423C38.099 11.1901 38.099 11.8176 37.7163 12.1654C34.2588 15.323 30.7947 18.4875 27.3372 21.6452C27.2317 21.7406 27.1261 21.8361 27.0007 21.9521C26.651 21.5429 26.3145 21.1473 25.9516 20.7313C29.0066 17.9351 32.055 15.1525 35.1562 12.3154C27.0535 12.3154 9.03006 12.3154 1 12.3154C1.0066 11.7698 1.0066 11.2242 1.0066 10.6855Z\" fill=\"currentColor\" stroke=\"currentColor\"\/>\n                <\/svg>\n              <\/span>\n            <\/span>\n          <\/a>\n        \n      <\/div>\n    <\/div>\n\n              \n    <div class=\"col-lg-6 col-12 p-0 col-img order-lg-first order-last\">\n      <img decoding=\"async\" class=\"img\" src=\"https:\/\/xhander.com\/wp-content\/uploads\/2026\/03\/Mockup_Catalogue_EN_XHANDER_3.png\" alt=\"\" width=\"960\">\n    <\/div>\n  <\/div>\n<\/div>\n\n<div class=\"m2-text-image\">\n  <div class=\"row m-0 p-0\">\n    <div class=\"col-lg-6 col-12 p-0 col-text order-lg-first order-first\">\n      <div class=\"content-text d-flex flex-column justify-content-center\">\n        <h2 class=\"h2-title color-title\">The alliance of performance and trust<\/h2>\n        <div class=\"text color-text\"><p>Because you take on new challenges every day, we are proud to be at your side to help you succeed in your projects.<\/p>\n<\/div>\n\n\n                  <a class=\"link-brochure color-text d-flex align-items-center\" href=\"https:\/\/doc.xhander.com\/book\/the-brand-en\" target=\"_blank\">\n                      <img decoding=\"async\" src=\"https:\/\/xhander.com\/wp-content\/themes\/xhander_uas\/dist\/images\/file-red.svg\" class=\"picto-file\" alt=\"file\" width=\"22\" height=\"29\">\n                      <div class=\"txt\">Download our brochure<\/div>\n            <span class=\"arrow-btn\">\n              <span class=\"icons\">\n                <svg width=\"39\" height=\"23\" viewBox=\"0 0 39 23\" fill=\"none\" xmlns=\"http:\/\/www.w3.org\/2000\/svg\">\n                  <path d=\"M1.0066 10.6855C9.03006 10.6855 27.0535 10.6855 35.1628 10.6855C32.0682 7.85517 29.0198 5.07261 25.9582 2.2696C26.3013 1.86723 26.6444 1.46485 27.0007 1.04883C27.2713 1.29435 27.5352 1.53305 27.7925 1.77175C31.0982 4.793 34.4106 7.81425 37.7163 10.8423C38.099 11.1901 38.099 11.8176 37.7163 12.1654C34.2588 15.323 30.7947 18.4875 27.3372 21.6452C27.2317 21.7406 27.1261 21.8361 27.0007 21.9521C26.651 21.5429 26.3145 21.1473 25.9516 20.7313C29.0066 17.9351 32.055 15.1525 35.1562 12.3154C27.0535 12.3154 9.03006 12.3154 1 12.3154C1.0066 11.7698 1.0066 11.2242 1.0066 10.6855Z\" fill=\"currentColor\" stroke=\"currentColor\"\/>\n                <\/svg>\n                <svg width=\"39\" height=\"23\" viewBox=\"0 0 39 23\" fill=\"none\" xmlns=\"http:\/\/www.w3.org\/2000\/svg\">\n                  <path d=\"M1.0066 10.6855C9.03006 10.6855 27.0535 10.6855 35.1628 10.6855C32.0682 7.85517 29.0198 5.07261 25.9582 2.2696C26.3013 1.86723 26.6444 1.46485 27.0007 1.04883C27.2713 1.29435 27.5352 1.53305 27.7925 1.77175C31.0982 4.793 34.4106 7.81425 37.7163 10.8423C38.099 11.1901 38.099 11.8176 37.7163 12.1654C34.2588 15.323 30.7947 18.4875 27.3372 21.6452C27.2317 21.7406 27.1261 21.8361 27.0007 21.9521C26.651 21.5429 26.3145 21.1473 25.9516 20.7313C29.0066 17.9351 32.055 15.1525 35.1562 12.3154C27.0535 12.3154 9.03006 12.3154 1 12.3154C1.0066 11.7698 1.0066 11.2242 1.0066 10.6855Z\" fill=\"currentColor\" stroke=\"currentColor\"\/>\n                <\/svg>\n              <\/span>\n            <\/span>\n          <\/a>\n        \n      <\/div>\n    <\/div>\n\n              \n    <div class=\"col-lg-6 col-12 p-0 col-img order-lg-last order-last\">\n      <img decoding=\"async\" class=\"img\" src=\"https:\/\/xhander.com\/wp-content\/uploads\/2024\/07\/Visuel_page_accueil_960x960px_nhp.jpg\" alt=\"\" width=\"960\">\n    <\/div>\n  <\/div>\n<\/div>\n\n<div class=\"m6-points-cles\">\n  <div class=\"row m-0 p-0\">\n    <div class=\"col-lg-6 col-12 p-0 col-text order-lg-last order-first\">\n      <div class=\"content-text d-flex flex-column justify-content-center\">\n        <h2 class=\"h2-title color-title\">The brand that accompanies you every day<\/h2>\n\n                              <h3 class=\"mot-cle border-b font-headings color-text\">HYPER RELIABLE<\/h3>\n                                        <h3 class=\"mot-cle border-b font-headings color-text\">HYPER COMPETITIVE<\/h3>\n                                        <h3 class=\"mot-cle font-headings color-text\">HYPER DURABLE<\/h3>\n                  \n      <\/div>\n    <\/div>\n\n              \n    \n    <div class=\"col-lg-6 col-12 p-0 col-img order-lg-first order-last\">\n      <img decoding=\"async\" class=\"img\" src=\"https:\/\/xhander.com\/wp-content\/uploads\/2024\/07\/Visuel_page_accueil_960x960px_personnage.jpg\" alt=\"\" width=\"960\">\n    <\/div>\n  <\/div>\n<\/div>\n\n<div class=\"m2-text-image\">\n  <div class=\"row m-0 p-0\">\n    <div class=\"col-lg-6 col-12 p-0 col-text order-lg-first order-first\">\n      <div class=\"content-text d-flex flex-column justify-content-center\">\n        <h2 class=\"h2-title color-title\">XHANDER product ranges<\/h2>\n        <div class=\"text color-text\"><p><span id=\"[27,34]\" class=\"word\">XHANDER<\/span> <span id=\"[35,41]\" class=\"word\">offers<\/span> <span id=\"[42,45]\" class=\"word\">you<\/span> <span id=\"[46,47]\" class=\"word\">a<\/span> <span id=\"[48,52]\" class=\"word\">wide<\/span> <span id=\"[53,58]\" class=\"word\">range<\/span> <span id=\"[59,61]\" class=\"word\">of<\/span> <span id=\"[62,69]\" class=\"word\">quality<\/span> <span id=\"[70,78]\" class=\"word\">products<\/span> <span id=\"[79,81]\" class=\"word\">to<\/span> <span id=\"[82,86]\" class=\"word\">meet<\/span> <span id=\"[87,90]\" class=\"word\">all<\/span> <span id=\"[91,94]\" class=\"word\">the<\/span> <span id=\"[95,100]\" class=\"word\">needs<\/span> <span id=\"[101,103]\" class=\"word\">of<\/span> <span id=\"[104,117]\" class=\"word\">professionals<\/span>.<\/p>\n<\/div>\n\n\n                  <a class=\"link-brochure color-text d-flex align-items-center\" href=\"https:\/\/xhander.com\/en\/products\/\" >\n                      <div class=\"txt\">Read more<\/div>\n            <span class=\"arrow-btn\">\n              <span class=\"icons\">\n                <svg width=\"39\" height=\"23\" viewBox=\"0 0 39 23\" fill=\"none\" xmlns=\"http:\/\/www.w3.org\/2000\/svg\">\n                  <path d=\"M1.0066 10.6855C9.03006 10.6855 27.0535 10.6855 35.1628 10.6855C32.0682 7.85517 29.0198 5.07261 25.9582 2.2696C26.3013 1.86723 26.6444 1.46485 27.0007 1.04883C27.2713 1.29435 27.5352 1.53305 27.7925 1.77175C31.0982 4.793 34.4106 7.81425 37.7163 10.8423C38.099 11.1901 38.099 11.8176 37.7163 12.1654C34.2588 15.323 30.7947 18.4875 27.3372 21.6452C27.2317 21.7406 27.1261 21.8361 27.0007 21.9521C26.651 21.5429 26.3145 21.1473 25.9516 20.7313C29.0066 17.9351 32.055 15.1525 35.1562 12.3154C27.0535 12.3154 9.03006 12.3154 1 12.3154C1.0066 11.7698 1.0066 11.2242 1.0066 10.6855Z\" fill=\"currentColor\" stroke=\"currentColor\"\/>\n                <\/svg>\n                <svg width=\"39\" height=\"23\" viewBox=\"0 0 39 23\" fill=\"none\" xmlns=\"http:\/\/www.w3.org\/2000\/svg\">\n                  <path d=\"M1.0066 10.6855C9.03006 10.6855 27.0535 10.6855 35.1628 10.6855C32.0682 7.85517 29.0198 5.07261 25.9582 2.2696C26.3013 1.86723 26.6444 1.46485 27.0007 1.04883C27.2713 1.29435 27.5352 1.53305 27.7925 1.77175C31.0982 4.793 34.4106 7.81425 37.7163 10.8423C38.099 11.1901 38.099 11.8176 37.7163 12.1654C34.2588 15.323 30.7947 18.4875 27.3372 21.6452C27.2317 21.7406 27.1261 21.8361 27.0007 21.9521C26.651 21.5429 26.3145 21.1473 25.9516 20.7313C29.0066 17.9351 32.055 15.1525 35.1562 12.3154C27.0535 12.3154 9.03006 12.3154 1 12.3154C1.0066 11.7698 1.0066 11.2242 1.0066 10.6855Z\" fill=\"currentColor\" stroke=\"currentColor\"\/>\n                <\/svg>\n              <\/span>\n            <\/span>\n          <\/a>\n        \n      <\/div>\n    <\/div>\n\n              \n    <div class=\"col-lg-6 col-12 p-0 col-img order-lg-last order-last\">\n      <img decoding=\"async\" class=\"img\" src=\"https:\/\/xhander.com\/wp-content\/uploads\/2024\/03\/Visuel_page_accueil_OAM_960x960px_V2.jpg\" alt=\"\" width=\"960\">\n    <\/div>\n  <\/div>\n<\/div>\n\n  \n\n<div class=\"hp-video-fullwidth\" data-id=\"qw_NRYKDops\" data-type=\"youtube\">\n  <div class=\" bg-image w-100 pos-rel\" style=\"background-image: linear-gradient(#00000080, #00000080), url('https:\/\/xhander.com\/wp-content\/uploads\/2022\/04\/Rectangle-40.jpg');\">\n    <h2 class=\"title-video pos-abs color-white font-title\">Discover our brand in 1 minute<\/h2>\n    <img decoding=\"async\" class=\"mobil-play\" src=\"https:\/\/xhander.com\/wp-content\/themes\/xhander_uas\/dist\/images\/player.png\"  alt=\"play\" width=\"100\" height=\"100\">\n    <div class=\"embed-container pos-rel\">\n      <div class=\"videoContainer\"><\/div>\n    <\/div>\n  <\/div>\n<\/div>\n\n<div class=\"hp-retrouver-votre-marque\">\n  <div class=\"row m-0\">\n    <div class=\"col-xl-6 col-12 bg-site z-index-3\">\n      <div class=\"container\">\n        <div class=\"content-text h-100 d-flex flex-column justify-content-center\">\n          <h2 class=\"h2-title color-white slideup-text\"><span><span>Find our new brand in your shop<\/span><\/span><\/h2>\n          <div class=\"text color-white\"><\/div>\n                                    <div class=\"partenaire border-b font-title color-white\">\n                <img decoding=\"async\" src=\"https:\/\/xhander.com\/wp-content\/uploads\/2022\/04\/prolians.png\" alt=\"\" height=\"45\">\n              <\/div>\n                                                <div class=\"partenaire border-b font-title color-white\">\n                <img decoding=\"async\" src=\"https:\/\/xhander.com\/wp-content\/uploads\/2022\/04\/dexis.png\" alt=\"\" height=\"45\">\n              <\/div>\n                                                <div class=\"partenaire font-title color-white\">\n                <img decoding=\"async\" src=\"https:\/\/xhander.com\/wp-content\/uploads\/2022\/04\/hydralians.png\" alt=\"\" height=\"45\">\n              <\/div>\n                      \n          \n\n        <\/div>\n      <\/div>  \n    <\/div>\n    <div class=\"col-xl-6 col-12 pos-rel bg-site div-bottom\">\n      <div class=\"bg-letter\"><\/div>\n      <img decoding=\"async\" class=\"img-marque pos-abs\" src=\"https:\/\/xhander.com\/wp-content\/uploads\/2022\/04\/77777-1.png\" alt=\"Nom OK  Int\u00e9grer ALT :\" Logo XHANDER - Your Performance Partner - Fournitures, produits, outillage et am\u00e9nagements ext\u00e9rieurs pour les professionnels du b\u00e2timent et de la construction \" \" width=\"937\">\n    <\/div>\n  <\/div>\n<\/div>\n\n<div class=\"m9-slogan bg-site bg-1\">\n  <div class=\"slogan\">\n    <div class=\"marquee\">\n      <div class=\"marquee__inner\" aria-hidden=\"true\">\n        <span>Your performance partner &#8211;<\/span>\n        <span>Your performance partner &#8211;<\/span>\n        <span>Your performance partner &#8211;<\/span>\n      <\/div>\n    <\/div>\n\n    <div class=\"marquee\">\n      <div class=\"marquee__inner left\" aria-hidden=\"true\">\n        <span>Your performance partner &#8211;<\/span>\n        <span>Your performance partner &#8211;<\/span>\n        <span>Your performance partner &#8211;<\/span>\n      <\/div>\n    <\/div>\n  <\/div>\n<\/div>","protected":false},"excerpt":{"rendered":"","protected":false},"author":1,"featured_media":0,"parent":0,"menu_order":-1,"comment_status":"closed","ping_status":"closed","template":"","meta":{"_acf_changed":false,"footnotes":""},"class_list":["post-50","page","type-page","status-publish","hentry"],"acf":[],"yoast_head":"<!-- This site is optimized with the Yoast SEO plugin v26.9 - https:\/\/yoast.com\/product\/yoast-seo-wordpress\/ -->\n<title>XHANDER<\/title>\n<meta name=\"description\" content=\"Ready to build tomorrow&#039;s world ? Find out about our prod\u200bucts : Building supplies and tools, Hardware, Plumbing - heating - sanitation, Fencing.\" \/>\n<meta name=\"robots\" content=\"index, follow, max-snippet:-1, max-image-preview:large, max-video-preview:-1\" \/>\n<link rel=\"canonical\" href=\"https:\/\/xhander.com\/en\/\" \/>\n<meta property=\"og:locale\" content=\"en_US\" \/>\n<meta property=\"og:type\" content=\"article\" \/>\n<meta property=\"og:title\" content=\"XHANDER\" \/>\n<meta property=\"og:description\" content=\"Ready to build tomorrow&#039;s world ? Find out about our prod\u200bucts : Building supplies and tools, Hardware, Plumbing - heating - sanitation, Fencing.\" \/>\n<meta property=\"og:url\" content=\"https:\/\/xhander.com\/en\/\" \/>\n<meta property=\"og:site_name\" content=\"XHANDER\" \/>\n<meta property=\"article:modified_time\" content=\"2026-03-26T12:40:19+00:00\" \/>\n<meta name=\"twitter:card\" content=\"summary_large_image\" \/>\n<script type=\"application\/ld+json\" class=\"yoast-schema-graph\">{\"@context\":\"https:\/\/schema.org\",\"@graph\":[{\"@type\":\"WebPage\",\"@id\":\"https:\/\/xhander.com\/en\/\",\"url\":\"https:\/\/xhander.com\/en\/\",\"name\":\"XHANDER\",\"isPartOf\":{\"@id\":\"https:\/\/xhander.com\/#website\"},\"datePublished\":\"2022-04-13T15:03:40+00:00\",\"dateModified\":\"2026-03-26T12:40:19+00:00\",\"description\":\"Ready to build tomorrow's world ? Find out about our prod\u200bucts : Building supplies and tools, Hardware, Plumbing - heating - sanitation, Fencing.\",\"breadcrumb\":{\"@id\":\"https:\/\/xhander.com\/en\/#breadcrumb\"},\"inLanguage\":\"en-US\",\"potentialAction\":[{\"@type\":\"ReadAction\",\"target\":[\"https:\/\/xhander.com\/en\/\"]}]},{\"@type\":\"BreadcrumbList\",\"@id\":\"https:\/\/xhander.com\/en\/#breadcrumb\",\"itemListElement\":[{\"@type\":\"ListItem\",\"position\":1,\"name\":\"Accueil\",\"item\":\"https:\/\/xhander.com\/en\/\"},{\"@type\":\"ListItem\",\"position\":2,\"name\":\"Home\"}]},{\"@type\":\"WebSite\",\"@id\":\"https:\/\/xhander.com\/#website\",\"url\":\"https:\/\/xhander.com\/\",\"name\":\"XHANDER\",\"description\":\"The new brand for construction professionnals\",\"publisher\":{\"@id\":\"https:\/\/xhander.com\/#organization\"},\"potentialAction\":[{\"@type\":\"SearchAction\",\"target\":{\"@type\":\"EntryPoint\",\"urlTemplate\":\"https:\/\/xhander.com\/?s={search_term_string}\"},\"query-input\":{\"@type\":\"PropertyValueSpecification\",\"valueRequired\":true,\"valueName\":\"search_term_string\"}}],\"inLanguage\":\"en-US\"},{\"@type\":\"Organization\",\"@id\":\"https:\/\/xhander.com\/#organization\",\"name\":\"XHANDER\",\"url\":\"https:\/\/xhander.com\/\",\"logo\":{\"@type\":\"ImageObject\",\"inLanguage\":\"en-US\",\"@id\":\"https:\/\/xhander.com\/#\/schema\/logo\/image\/\",\"url\":\"https:\/\/xhander.com\/wp-content\/uploads\/2022\/04\/logo-xhander.png\",\"contentUrl\":\"https:\/\/xhander.com\/wp-content\/uploads\/2022\/04\/logo-xhander.png\",\"width\":309,\"height\":54,\"caption\":\"XHANDER\"},\"image\":{\"@id\":\"https:\/\/xhander.com\/#\/schema\/logo\/image\/\"}}]}<\/script>\n<!-- \/ Yoast SEO plugin. -->","yoast_head_json":{"title":"XHANDER","description":"Ready to build tomorrow's world ? Find out about our prod\u200bucts : Building supplies and tools, Hardware, Plumbing - heating - sanitation, Fencing.","robots":{"index":"index","follow":"follow","max-snippet":"max-snippet:-1","max-image-preview":"max-image-preview:large","max-video-preview":"max-video-preview:-1"},"canonical":"https:\/\/xhander.com\/en\/","og_locale":"en_US","og_type":"article","og_title":"XHANDER","og_description":"Ready to build tomorrow's world ? Find out about our prod\u200bucts : Building supplies and tools, Hardware, Plumbing - heating - sanitation, Fencing.","og_url":"https:\/\/xhander.com\/en\/","og_site_name":"XHANDER","article_modified_time":"2026-03-26T12:40:19+00:00","twitter_card":"summary_large_image","schema":{"@context":"https:\/\/schema.org","@graph":[{"@type":"WebPage","@id":"https:\/\/xhander.com\/en\/","url":"https:\/\/xhander.com\/en\/","name":"XHANDER","isPartOf":{"@id":"https:\/\/xhander.com\/#website"},"datePublished":"2022-04-13T15:03:40+00:00","dateModified":"2026-03-26T12:40:19+00:00","description":"Ready to build tomorrow's world ? Find out about our prod\u200bucts : Building supplies and tools, Hardware, Plumbing - heating - sanitation, Fencing.","breadcrumb":{"@id":"https:\/\/xhander.com\/en\/#breadcrumb"},"inLanguage":"en-US","potentialAction":[{"@type":"ReadAction","target":["https:\/\/xhander.com\/en\/"]}]},{"@type":"BreadcrumbList","@id":"https:\/\/xhander.com\/en\/#breadcrumb","itemListElement":[{"@type":"ListItem","position":1,"name":"Accueil","item":"https:\/\/xhander.com\/en\/"},{"@type":"ListItem","position":2,"name":"Home"}]},{"@type":"WebSite","@id":"https:\/\/xhander.com\/#website","url":"https:\/\/xhander.com\/","name":"XHANDER","description":"The new brand for construction professionnals","publisher":{"@id":"https:\/\/xhander.com\/#organization"},"potentialAction":[{"@type":"SearchAction","target":{"@type":"EntryPoint","urlTemplate":"https:\/\/xhander.com\/?s={search_term_string}"},"query-input":{"@type":"PropertyValueSpecification","valueRequired":true,"valueName":"search_term_string"}}],"inLanguage":"en-US"},{"@type":"Organization","@id":"https:\/\/xhander.com\/#organization","name":"XHANDER","url":"https:\/\/xhander.com\/","logo":{"@type":"ImageObject","inLanguage":"en-US","@id":"https:\/\/xhander.com\/#\/schema\/logo\/image\/","url":"https:\/\/xhander.com\/wp-content\/uploads\/2022\/04\/logo-xhander.png","contentUrl":"https:\/\/xhander.com\/wp-content\/uploads\/2022\/04\/logo-xhander.png","width":309,"height":54,"caption":"XHANDER"},"image":{"@id":"https:\/\/xhander.com\/#\/schema\/logo\/image\/"}}]}},"_links":{"self":[{"href":"https:\/\/xhander.com\/en\/wp-json\/wp\/v2\/pages\/50","targetHints":{"allow":["GET"]}}],"collection":[{"href":"https:\/\/xhander.com\/en\/wp-json\/wp\/v2\/pages"}],"about":[{"href":"https:\/\/xhander.com\/en\/wp-json\/wp\/v2\/types\/page"}],"author":[{"embeddable":true,"href":"https:\/\/xhander.com\/en\/wp-json\/wp\/v2\/users\/1"}],"replies":[{"embeddable":true,"href":"https:\/\/xhander.com\/en\/wp-json\/wp\/v2\/comments?post=50"}],"version-history":[{"count":4,"href":"https:\/\/xhander.com\/en\/wp-json\/wp\/v2\/pages\/50\/revisions"}],"predecessor-version":[{"id":1484,"href":"https:\/\/xhander.com\/en\/wp-json\/wp\/v2\/pages\/50\/revisions\/1484"}],"wp:attachment":[{"href":"https:\/\/xhander.com\/en\/wp-json\/wp\/v2\/media?parent=50"}],"curies":[{"name":"wp","href":"https:\/\/api.w.org\/{rel}","templated":true}]}}