{"id":1239,"date":"2022-04-13T17:03:40","date_gmt":"2022-04-13T15:03:40","guid":{"rendered":"https:\/\/xhander.com\/page-daccueil\/"},"modified":"2026-03-26T16:17:05","modified_gmt":"2026-03-26T15:17:05","slug":"page-daccueil","status":"publish","type":"page","link":"https:\/\/xhander.com\/de\/","title":{"rendered":"Home"},"content":{"rendered":"<div class=\"hp-gamme bg-site d-flex align-items-center\">\n  <div class=\"container\">\n\t\t<h2 class=\"h2-title color-white slideup-text\"><span><span>Mit \u00fcber 3.000 XHANDER-Artikelnummern stehen wir Ihnen zur Seite und helfen Ihnen, die Welt von morgen zu gestalten.<\/span><\/span><\/h2>\n    <div class=\"slider-produits\">\n            \n              <div class=\"item-produit\" data-number=\"4\">\n          <a href=\"\" >\n            <div class=\"square d-flex justify-content-center align-items-center pos-rel\">\n              <img decoding=\"async\" src=\"https:\/\/xhander.com\/wp-content\/uploads\/2022\/04\/fournitures.png\" alt=\"fournitures\" width=\"166\" height=\"166\">\n              <ul class=\"liste pos-abs\">\n                                  <li class=\"item-liste\">Handwerkzeug &#038; Werkzeuge zum Messen, Pr\u00fcfen, Anrei\u00dfen<\/li>\n                                  <li class=\"item-liste\">Werkstattausr\u00fcstung<\/li>\n                                  <li class=\"item-liste\">Schwei\u00dfen<\/li>\n                                  <li class=\"item-liste\">Heben und Transportieren<\/li>\n                                  <li class=\"item-liste\">Baustellenausr\u00fcstung<\/li>\n                                  <li class=\"item-liste\">Elektrische Ger\u00e4te<\/li>\n                                  <li class=\"item-liste\">Verbrauchsartikel<\/li>\n                                  <li class=\"item-liste\">Befestigung<\/li>\n                              <\/ul>\n            <\/div>\n            <h3 class=\"sous-titre font-title\">Baubedarf und Werkzeug<\/h3>\n          <\/a>\n        <\/div>\n              <div class=\"item-produit\" data-number=\"4\">\n          <a href=\"\" >\n            <div class=\"square d-flex justify-content-center align-items-center pos-rel\">\n              <img decoding=\"async\" src=\"https:\/\/xhander.com\/wp-content\/uploads\/2022\/04\/quincaillerie.png\" alt=\"quincaillerie\" width=\"166\" height=\"166\">\n              <ul class=\"liste pos-abs\">\n                                  <li class=\"item-liste\">Vorh\u00e4ngeschl\u00f6sser und Schl\u00f6sser<\/li>\n                                  <li class=\"item-liste\">Zugangskontrolle<\/li>\n                                  <li class=\"item-liste\">Zubeh\u00f6r f\u00fcr T\u00fcren<\/li>\n                                  <li class=\"item-liste\">Briefk\u00e4sten<\/li>\n                                  <li class=\"item-liste\">Schl\u00f6sser<\/li>\n                                  <li class=\"item-liste\">Zylinder<\/li>\n                              <\/ul>\n            <\/div>\n            <h3 class=\"sous-titre font-title\">Eisenwaren f\u00fcr das Baugewerbe<\/h3>\n          <\/a>\n        <\/div>\n              <div class=\"item-produit\" data-number=\"4\">\n          <a href=\"\" >\n            <div class=\"square d-flex justify-content-center align-items-center pos-rel\">\n              <img decoding=\"async\" src=\"https:\/\/xhander.com\/wp-content\/uploads\/2022\/04\/plomberie.png\" alt=\"plomberie\" width=\"166\" height=\"166\">\n              <ul class=\"liste pos-abs\">\n                                  <li class=\"item-liste\">Armaturen<\/li>\n                                  <li class=\"item-liste\">Heizk\u00f6rper<\/li>\n                                  <li class=\"item-liste\">Duschwannen<\/li>\n                                  <li class=\"item-liste\">WC-Set<\/li>\n                                  <li class=\"item-liste\">Schl\u00e4uche<\/li>\n                              <\/ul>\n            <\/div>\n            <h3 class=\"sous-titre font-title\">Klempnerei, Heizung-Sanit\u00e4r<\/h3>\n          <\/a>\n        <\/div>\n              <div class=\"item-produit\" data-number=\"4\">\n          <a href=\"\" >\n            <div class=\"square d-flex justify-content-center align-items-center pos-rel\">\n              <img decoding=\"async\" src=\"https:\/\/xhander.com\/wp-content\/uploads\/2022\/04\/amenagement.png\" alt=\"amenagement\" width=\"166\" height=\"166\">\n              <ul class=\"liste pos-abs\">\n                                  <li class=\"item-liste\">Tore und Pforten<\/li>\n                                  <li class=\"item-liste\">Drahtz\u00e4une<\/li>\n                                  <li class=\"item-liste\">Sichtschutz<\/li>\n                                  <li class=\"item-liste\">Geotextil<\/li>\n                              <\/ul>\n            <\/div>\n            <h3 class=\"sous-titre font-title\">Au\u00dfenanlagen<\/h3>\n          <\/a>\n        <\/div>\n          <\/div>\n\t<\/div>  \n<\/div>\n\n<div class=\"m2-text-image\">\n  <div class=\"row m-0 p-0\">\n    <div class=\"col-lg-6 col-12 p-0 col-text order-lg-first order-first\">\n      <div class=\"content-text d-flex flex-column justify-content-center\">\n        <h2 class=\"h2-title color-title\"><\/h2>\n        <div class=\"text color-text\"><p>UNSERE VERSPRECHEN<br \/>\nDAS BESTE PRODUKT ZUM FAIRSTEN PREIS<\/p>\n<p>Wir bieten L\u00f6sungen, bei denen die Qualit\u00e4t stets dem Preis entspricht: die Garantie f\u00fcr ein leistungsstarkes, n\u00fctzliches Produkt, das perfekt auf die Bed\u00fcrfnisse von Fachleuten zugeschnitten ist.<\/p>\n<p>ZUVERL\u00c4SSIGKEIT UND LEISTUNG<\/p>\n<p>Unsere Produkte sind auf Langlebigkeit ausgelegt, halten intensiver Beanspruchung stand und unterst\u00fctzen Fachleute bei ihren anspruchsvollsten Aufgaben.<\/p>\n<p>EIN UMFASSENDES ANGEBOT<\/p>\n<p>Wir decken den gesamten Bedarf der Baubranche ab \u2013 dank eines breiten, strukturierten und evolutiven Sortiments, in dem jeder die passende L\u00f6sung findet.<\/p>\n<p>EIN ANSATZ F\u00dcR NACHHALTIGEN FORTSCHRITT<\/p>\n<p>Wir streben einen verantwortungsbewussteren Ansatz an, indem wir Anforderungen an Nachhaltigkeit und kontinuierliche Verbesserung in unsere Produkte, Prozesse und Partnerschaften integrieren.<\/p>\n<\/div>\n\n\n        \n      <\/div>\n    <\/div>\n\n              \n    <div class=\"col-lg-6 col-12 p-0 col-img order-lg-last order-last\">\n      <img decoding=\"async\" class=\"img\" src=\"https:\/\/xhander.com\/wp-content\/uploads\/2026\/03\/ourcommitments3.png\" alt=\"\" width=\"960\">\n    <\/div>\n  <\/div>\n<\/div>\n\n<div class=\"m2-text-image\">\n  <div class=\"row m-0 p-0\">\n    <div class=\"col-lg-6 col-12 p-0 col-text order-lg-last order-first\">\n      <div class=\"content-text d-flex flex-column justify-content-center\">\n        <h2 class=\"h2-title color-title\">Ein umfassendes Angebot f\u00fcr alle Profis<\/h2>\n        <div class=\"text color-text\"><p>Entdecken Sie den <strong>neuen Katalog von XHANDER (English)<\/strong> : Alle unsere Artikel \u00fcbersichtlich an einem Ort, damit Sie im Handumdrehen die L\u00f6sungen finden, die Ihren Bed\u00fcrfnissen entsprechen.<\/p>\n<\/div>\n\n\n        \n      <\/div>\n    <\/div>\n\n              \n    <div class=\"col-lg-6 col-12 p-0 col-img order-lg-first order-last\">\n      <img decoding=\"async\" class=\"img\" src=\"https:\/\/xhander.com\/wp-content\/uploads\/2025\/09\/Mockup_Catalogue_XHANDER_2025_3.png\" alt=\"\" width=\"960\">\n    <\/div>\n  <\/div>\n<\/div>\n\n<div class=\"m2-text-image\">\n  <div class=\"row m-0 p-0\">\n    <div class=\"col-lg-6 col-12 p-0 col-text order-lg-first order-first\">\n      <div class=\"content-text d-flex flex-column justify-content-center\">\n        <h2 class=\"h2-title color-title\">Die Verbindung von Leistung und Vertrauen<\/h2>\n        <div class=\"text color-text\"><p>Weil Sie sich jeden Tag <strong>neuen Herausforderungen<\/strong> stellen, sind wir stolz darauf, an Ihrer Seite zu stehen und <strong>Sie im Alltag zu unterst\u00fctzen.<\/strong><\/p>\n<\/div>\n\n\n                  <a class=\"link-brochure color-text d-flex align-items-center\" href=\"https:\/\/doc.xhander.com\/book\/the-brand-en\/\" target=\"_blank\">\n                      <img decoding=\"async\" src=\"https:\/\/xhander.com\/wp-content\/themes\/xhander_uas\/dist\/images\/file-red.svg\" class=\"picto-file\" alt=\"file\" width=\"22\" height=\"29\">\n                      <div class=\"txt\">Sehen Sie sich die XHANDER-Brosch\u00fcre an (English)<\/div>\n            <span class=\"arrow-btn\">\n              <span class=\"icons\">\n                <svg width=\"39\" height=\"23\" viewBox=\"0 0 39 23\" fill=\"none\" xmlns=\"http:\/\/www.w3.org\/2000\/svg\">\n                  <path d=\"M1.0066 10.6855C9.03006 10.6855 27.0535 10.6855 35.1628 10.6855C32.0682 7.85517 29.0198 5.07261 25.9582 2.2696C26.3013 1.86723 26.6444 1.46485 27.0007 1.04883C27.2713 1.29435 27.5352 1.53305 27.7925 1.77175C31.0982 4.793 34.4106 7.81425 37.7163 10.8423C38.099 11.1901 38.099 11.8176 37.7163 12.1654C34.2588 15.323 30.7947 18.4875 27.3372 21.6452C27.2317 21.7406 27.1261 21.8361 27.0007 21.9521C26.651 21.5429 26.3145 21.1473 25.9516 20.7313C29.0066 17.9351 32.055 15.1525 35.1562 12.3154C27.0535 12.3154 9.03006 12.3154 1 12.3154C1.0066 11.7698 1.0066 11.2242 1.0066 10.6855Z\" fill=\"currentColor\" stroke=\"currentColor\"\/>\n                <\/svg>\n                <svg width=\"39\" height=\"23\" viewBox=\"0 0 39 23\" fill=\"none\" xmlns=\"http:\/\/www.w3.org\/2000\/svg\">\n                  <path d=\"M1.0066 10.6855C9.03006 10.6855 27.0535 10.6855 35.1628 10.6855C32.0682 7.85517 29.0198 5.07261 25.9582 2.2696C26.3013 1.86723 26.6444 1.46485 27.0007 1.04883C27.2713 1.29435 27.5352 1.53305 27.7925 1.77175C31.0982 4.793 34.4106 7.81425 37.7163 10.8423C38.099 11.1901 38.099 11.8176 37.7163 12.1654C34.2588 15.323 30.7947 18.4875 27.3372 21.6452C27.2317 21.7406 27.1261 21.8361 27.0007 21.9521C26.651 21.5429 26.3145 21.1473 25.9516 20.7313C29.0066 17.9351 32.055 15.1525 35.1562 12.3154C27.0535 12.3154 9.03006 12.3154 1 12.3154C1.0066 11.7698 1.0066 11.2242 1.0066 10.6855Z\" fill=\"currentColor\" stroke=\"currentColor\"\/>\n                <\/svg>\n              <\/span>\n            <\/span>\n          <\/a>\n        \n      <\/div>\n    <\/div>\n\n              \n    <div class=\"col-lg-6 col-12 p-0 col-img order-lg-last order-last\">\n      <img decoding=\"async\" class=\"img\" src=\"https:\/\/xhander.com\/wp-content\/uploads\/2025\/09\/XHANDER_2024_06_112992.jpg\" alt=\"\" width=\"960\">\n    <\/div>\n  <\/div>\n<\/div>\n\n<div class=\"m6-points-cles\">\n  <div class=\"row m-0 p-0\">\n    <div class=\"col-lg-6 col-12 p-0 col-text order-lg-last order-first\">\n      <div class=\"content-text d-flex flex-column justify-content-center\">\n        <h2 class=\"h2-title color-title\">Die Marke, die Sie t\u00e4glich begleitet<\/h2>\n\n                              <h3 class=\"mot-cle border-b font-headings color-text\">HYPER Zuverl\u00e4ssig<\/h3>\n                                        <h3 class=\"mot-cle border-b font-headings color-text\">HYPER Wettbewerbsf\u00e4hig<\/h3>\n                                        <h3 class=\"mot-cle font-headings color-text\">HYPER Nachhaltig<\/h3>\n                  \n      <\/div>\n    <\/div>\n\n              \n    \n    <div class=\"col-lg-6 col-12 p-0 col-img order-lg-first order-last\">\n      <img decoding=\"async\" class=\"img\" src=\"https:\/\/xhander.com\/wp-content\/uploads\/2024\/07\/Visuel_page_accueil_960x960px_personnage.jpg\" alt=\"\" width=\"960\">\n    <\/div>\n  <\/div>\n<\/div>\n\n<div class=\"m2-text-image\">\n  <div class=\"row m-0 p-0\">\n    <div class=\"col-lg-6 col-12 p-0 col-text order-lg-first order-first\">\n      <div class=\"content-text d-flex flex-column justify-content-center\">\n        <h2 class=\"h2-title color-title\">Eine Kundenzufriedenheit, die unser Engagement best\u00e4tigt<\/h2>\n        <div class=\"text color-text\"><p>Unsere Zufriedenheitsumfrage zeigt, dass 9 von 10 Kunden:<\/p>\n<ul>\n<li>mit der Qualit\u00e4t unserer Produkte zufrieden sind,<\/li>\n<li>unser Preis-Leistungs-Verh\u00e4ltnis sch\u00e4tzen<\/li>\n<li>und die Produkte von XHANDER in ihrem Umfeld weiterempfehlen!<\/li>\n<\/ul>\n<\/div>\n\n\n        \n      <\/div>\n    <\/div>\n\n              \n    <div class=\"col-lg-6 col-12 p-0 col-img order-lg-last order-last\">\n      <img decoding=\"async\" class=\"img\" src=\"https:\/\/xhander.com\/wp-content\/uploads\/2026\/03\/2024_06_113082_MALLETTE-OUTILS-focus.jpg\" alt=\"\" width=\"960\">\n    <\/div>\n  <\/div>\n<\/div>\n\n<div class=\"m2-text-image\">\n  <div class=\"row m-0 p-0\">\n    <div class=\"col-lg-6 col-12 p-0 col-text order-lg-last order-first\">\n      <div class=\"content-text d-flex flex-column justify-content-center\">\n        <h2 class=\"h2-title color-title\">Die XHANDER-Produktreihen<\/h2>\n        <div class=\"text color-text\"><p>XHANDER bietet Ihnen eine breite Palette an Qualit\u00e4tsprodukten, um die vielf\u00e4ltigen Bed\u00fcrfnisse von Profis zu erf\u00fcllen.<\/p>\n<\/div>\n\n\n                  <a class=\"link-brochure color-text d-flex align-items-center\" href=\"https:\/\/xhander.com\/de\/produkte\/\" target=\"_blank\">\n                      <div class=\"txt\">Mehr erfahren<\/div>\n            <span class=\"arrow-btn\">\n              <span class=\"icons\">\n                <svg width=\"39\" height=\"23\" viewBox=\"0 0 39 23\" fill=\"none\" xmlns=\"http:\/\/www.w3.org\/2000\/svg\">\n                  <path d=\"M1.0066 10.6855C9.03006 10.6855 27.0535 10.6855 35.1628 10.6855C32.0682 7.85517 29.0198 5.07261 25.9582 2.2696C26.3013 1.86723 26.6444 1.46485 27.0007 1.04883C27.2713 1.29435 27.5352 1.53305 27.7925 1.77175C31.0982 4.793 34.4106 7.81425 37.7163 10.8423C38.099 11.1901 38.099 11.8176 37.7163 12.1654C34.2588 15.323 30.7947 18.4875 27.3372 21.6452C27.2317 21.7406 27.1261 21.8361 27.0007 21.9521C26.651 21.5429 26.3145 21.1473 25.9516 20.7313C29.0066 17.9351 32.055 15.1525 35.1562 12.3154C27.0535 12.3154 9.03006 12.3154 1 12.3154C1.0066 11.7698 1.0066 11.2242 1.0066 10.6855Z\" fill=\"currentColor\" stroke=\"currentColor\"\/>\n                <\/svg>\n                <svg width=\"39\" height=\"23\" viewBox=\"0 0 39 23\" fill=\"none\" xmlns=\"http:\/\/www.w3.org\/2000\/svg\">\n                  <path d=\"M1.0066 10.6855C9.03006 10.6855 27.0535 10.6855 35.1628 10.6855C32.0682 7.85517 29.0198 5.07261 25.9582 2.2696C26.3013 1.86723 26.6444 1.46485 27.0007 1.04883C27.2713 1.29435 27.5352 1.53305 27.7925 1.77175C31.0982 4.793 34.4106 7.81425 37.7163 10.8423C38.099 11.1901 38.099 11.8176 37.7163 12.1654C34.2588 15.323 30.7947 18.4875 27.3372 21.6452C27.2317 21.7406 27.1261 21.8361 27.0007 21.9521C26.651 21.5429 26.3145 21.1473 25.9516 20.7313C29.0066 17.9351 32.055 15.1525 35.1562 12.3154C27.0535 12.3154 9.03006 12.3154 1 12.3154C1.0066 11.7698 1.0066 11.2242 1.0066 10.6855Z\" fill=\"currentColor\" stroke=\"currentColor\"\/>\n                <\/svg>\n              <\/span>\n            <\/span>\n          <\/a>\n        \n      <\/div>\n    <\/div>\n\n              \n    <div class=\"col-lg-6 col-12 p-0 col-img order-lg-first order-last\">\n      <img decoding=\"async\" class=\"img\" src=\"https:\/\/xhander.com\/wp-content\/uploads\/2024\/03\/Visuel_page_accueil_OAM_960x960px_V2.jpg\" alt=\"\" width=\"960\">\n    <\/div>\n  <\/div>\n<\/div>\n\n  \n\n<div class=\"hp-video-fullwidth\" data-id=\"qw_NRYKDops\" data-type=\"youtube\">\n  <div class=\" bg-image w-100 pos-rel\" style=\"background-image: linear-gradient(#00000080, #00000080), url('https:\/\/xhander.com\/wp-content\/uploads\/2022\/04\/Rectangle-40.jpg');\">\n    <h2 class=\"title-video pos-abs color-white font-title\">Lernen Sie die Marke XHANDER in nur 1 Minute kennen (English)<\/h2>\n    <img decoding=\"async\" class=\"mobil-play\" src=\"https:\/\/xhander.com\/wp-content\/themes\/xhander_uas\/dist\/images\/player.png\"  alt=\"play\" width=\"100\" height=\"100\">\n    <div class=\"embed-container pos-rel\">\n      <div class=\"videoContainer\"><\/div>\n    <\/div>\n  <\/div>\n<\/div>\n\n<div class=\"hp-retrouver-votre-marque\">\n  <div class=\"row m-0\">\n    <div class=\"col-xl-6 col-12 bg-site z-index-3\">\n      <div class=\"container\">\n        <div class=\"content-text h-100 d-flex flex-column justify-content-center\">\n          <h2 class=\"h2-title color-white slideup-text\"><span><span>Finden Sie unsere neue Marke in Ihrem Gesch\u00e4ft<\/span><\/span><\/h2>\n          <div class=\"text color-white\"><\/div>\n                                    <div class=\"partenaire border-b font-title color-white\">\n                <img decoding=\"async\" src=\"https:\/\/xhander.com\/wp-content\/uploads\/2022\/04\/prolians.png\" alt=\"\" height=\"45\">\n              <\/div>\n                                                <div class=\"partenaire border-b font-title color-white\">\n                <img decoding=\"async\" src=\"https:\/\/xhander.com\/wp-content\/uploads\/2022\/04\/dexis.png\" alt=\"\" height=\"45\">\n              <\/div>\n                                                <div class=\"partenaire font-title color-white\">\n                <img decoding=\"async\" src=\"https:\/\/xhander.com\/wp-content\/uploads\/2022\/04\/hydralians.png\" alt=\"\" height=\"45\">\n              <\/div>\n                      \n          \n\n        <\/div>\n      <\/div>  \n    <\/div>\n    <div class=\"col-xl-6 col-12 pos-rel bg-site div-bottom\">\n      <div class=\"bg-letter\"><\/div>\n      <img decoding=\"async\" class=\"img-marque pos-abs\" src=\"https:\/\/xhander.com\/wp-content\/uploads\/2024\/03\/Mock-up-pack-plaquette-marque-xhander.png\" alt=\"\" width=\"937\">\n    <\/div>\n  <\/div>\n<\/div>\n\n<div class=\"m9-slogan bg-site bg-1\">\n  <div class=\"slogan\">\n    <div class=\"marquee\">\n      <div class=\"marquee__inner\" aria-hidden=\"true\">\n        <span><\/span>\n        <span><\/span>\n        <span><\/span>\n      <\/div>\n    <\/div>\n\n    <div class=\"marquee\">\n      <div class=\"marquee__inner left\" aria-hidden=\"true\">\n        <span><\/span>\n        <span><\/span>\n        <span><\/span>\n      <\/div>\n    <\/div>\n  <\/div>\n<\/div>","protected":false},"excerpt":{"rendered":"","protected":false},"author":1,"featured_media":0,"parent":0,"menu_order":-1,"comment_status":"closed","ping_status":"closed","template":"","meta":{"_acf_changed":false,"footnotes":""},"class_list":["post-1239","page","type-page","status-publish","hentry"],"acf":[],"yoast_head":"<!-- This site is optimized with the Yoast SEO plugin v26.9 - https:\/\/yoast.com\/product\/yoast-seo-wordpress\/ -->\n<title>XHANDER<\/title>\n<meta name=\"description\" content=\"D\u00e9couvrez les produits professionnels XHANDER : B\u00e2timent et Outillage, Quincaillerie, Plomberie-Chauffage -Sanitaire, Am\u00e9nagements ext\u00e9rieurs\" \/>\n<meta name=\"robots\" content=\"index, follow, max-snippet:-1, max-image-preview:large, max-video-preview:-1\" \/>\n<link rel=\"canonical\" href=\"https:\/\/xhander.com\/de\/\" \/>\n<meta property=\"og:locale\" content=\"de_DE\" \/>\n<meta property=\"og:type\" content=\"article\" \/>\n<meta property=\"og:title\" content=\"XHANDER\" \/>\n<meta property=\"og:description\" content=\"D\u00e9couvrez les produits professionnels XHANDER : B\u00e2timent et Outillage, Quincaillerie, Plomberie-Chauffage -Sanitaire, Am\u00e9nagements ext\u00e9rieurs\" \/>\n<meta property=\"og:url\" content=\"https:\/\/xhander.com\/de\/\" \/>\n<meta property=\"og:site_name\" content=\"XHANDER\" \/>\n<meta property=\"article:modified_time\" content=\"2026-03-26T15:17:05+00:00\" \/>\n<meta name=\"twitter:card\" content=\"summary_large_image\" \/>\n<script type=\"application\/ld+json\" class=\"yoast-schema-graph\">{\"@context\":\"https:\/\/schema.org\",\"@graph\":[{\"@type\":\"WebPage\",\"@id\":\"https:\/\/xhander.com\/de\/\",\"url\":\"https:\/\/xhander.com\/de\/\",\"name\":\"XHANDER\",\"isPartOf\":{\"@id\":\"https:\/\/xhander.com\/#website\"},\"datePublished\":\"2022-04-13T15:03:40+00:00\",\"dateModified\":\"2026-03-26T15:17:05+00:00\",\"description\":\"D\u00e9couvrez les produits professionnels XHANDER : B\u00e2timent et Outillage, Quincaillerie, Plomberie-Chauffage -Sanitaire, Am\u00e9nagements ext\u00e9rieurs\",\"breadcrumb\":{\"@id\":\"https:\/\/xhander.com\/de\/#breadcrumb\"},\"inLanguage\":\"de\",\"potentialAction\":[{\"@type\":\"ReadAction\",\"target\":[\"https:\/\/xhander.com\/de\/\"]}]},{\"@type\":\"BreadcrumbList\",\"@id\":\"https:\/\/xhander.com\/de\/#breadcrumb\",\"itemListElement\":[{\"@type\":\"ListItem\",\"position\":1,\"name\":\"Accueil\",\"item\":\"https:\/\/xhander.com\/de\/\"},{\"@type\":\"ListItem\",\"position\":2,\"name\":\"Home\"}]},{\"@type\":\"WebSite\",\"@id\":\"https:\/\/xhander.com\/#website\",\"url\":\"https:\/\/xhander.com\/\",\"name\":\"XHANDER\",\"description\":\"Produits, outils et fournitures pour les professionnels de la construction\",\"publisher\":{\"@id\":\"https:\/\/xhander.com\/#organization\"},\"potentialAction\":[{\"@type\":\"SearchAction\",\"target\":{\"@type\":\"EntryPoint\",\"urlTemplate\":\"https:\/\/xhander.com\/?s={search_term_string}\"},\"query-input\":{\"@type\":\"PropertyValueSpecification\",\"valueRequired\":true,\"valueName\":\"search_term_string\"}}],\"inLanguage\":\"de\"},{\"@type\":\"Organization\",\"@id\":\"https:\/\/xhander.com\/#organization\",\"name\":\"XHANDER\",\"url\":\"https:\/\/xhander.com\/\",\"logo\":{\"@type\":\"ImageObject\",\"inLanguage\":\"de\",\"@id\":\"https:\/\/xhander.com\/#\/schema\/logo\/image\/\",\"url\":\"https:\/\/xhander.com\/wp-content\/uploads\/2022\/04\/logo-xhander.png\",\"contentUrl\":\"https:\/\/xhander.com\/wp-content\/uploads\/2022\/04\/logo-xhander.png\",\"width\":309,\"height\":54,\"caption\":\"XHANDER\"},\"image\":{\"@id\":\"https:\/\/xhander.com\/#\/schema\/logo\/image\/\"}}]}<\/script>\n<!-- \/ Yoast SEO plugin. -->","yoast_head_json":{"title":"XHANDER","description":"D\u00e9couvrez les produits professionnels XHANDER : B\u00e2timent et Outillage, Quincaillerie, Plomberie-Chauffage -Sanitaire, Am\u00e9nagements ext\u00e9rieurs","robots":{"index":"index","follow":"follow","max-snippet":"max-snippet:-1","max-image-preview":"max-image-preview:large","max-video-preview":"max-video-preview:-1"},"canonical":"https:\/\/xhander.com\/de\/","og_locale":"de_DE","og_type":"article","og_title":"XHANDER","og_description":"D\u00e9couvrez les produits professionnels XHANDER : B\u00e2timent et Outillage, Quincaillerie, Plomberie-Chauffage -Sanitaire, Am\u00e9nagements ext\u00e9rieurs","og_url":"https:\/\/xhander.com\/de\/","og_site_name":"XHANDER","article_modified_time":"2026-03-26T15:17:05+00:00","twitter_card":"summary_large_image","schema":{"@context":"https:\/\/schema.org","@graph":[{"@type":"WebPage","@id":"https:\/\/xhander.com\/de\/","url":"https:\/\/xhander.com\/de\/","name":"XHANDER","isPartOf":{"@id":"https:\/\/xhander.com\/#website"},"datePublished":"2022-04-13T15:03:40+00:00","dateModified":"2026-03-26T15:17:05+00:00","description":"D\u00e9couvrez les produits professionnels XHANDER : B\u00e2timent et Outillage, Quincaillerie, Plomberie-Chauffage -Sanitaire, Am\u00e9nagements ext\u00e9rieurs","breadcrumb":{"@id":"https:\/\/xhander.com\/de\/#breadcrumb"},"inLanguage":"de","potentialAction":[{"@type":"ReadAction","target":["https:\/\/xhander.com\/de\/"]}]},{"@type":"BreadcrumbList","@id":"https:\/\/xhander.com\/de\/#breadcrumb","itemListElement":[{"@type":"ListItem","position":1,"name":"Accueil","item":"https:\/\/xhander.com\/de\/"},{"@type":"ListItem","position":2,"name":"Home"}]},{"@type":"WebSite","@id":"https:\/\/xhander.com\/#website","url":"https:\/\/xhander.com\/","name":"XHANDER","description":"Produits, outils et fournitures pour les professionnels de la construction","publisher":{"@id":"https:\/\/xhander.com\/#organization"},"potentialAction":[{"@type":"SearchAction","target":{"@type":"EntryPoint","urlTemplate":"https:\/\/xhander.com\/?s={search_term_string}"},"query-input":{"@type":"PropertyValueSpecification","valueRequired":true,"valueName":"search_term_string"}}],"inLanguage":"de"},{"@type":"Organization","@id":"https:\/\/xhander.com\/#organization","name":"XHANDER","url":"https:\/\/xhander.com\/","logo":{"@type":"ImageObject","inLanguage":"de","@id":"https:\/\/xhander.com\/#\/schema\/logo\/image\/","url":"https:\/\/xhander.com\/wp-content\/uploads\/2022\/04\/logo-xhander.png","contentUrl":"https:\/\/xhander.com\/wp-content\/uploads\/2022\/04\/logo-xhander.png","width":309,"height":54,"caption":"XHANDER"},"image":{"@id":"https:\/\/xhander.com\/#\/schema\/logo\/image\/"}}]}},"_links":{"self":[{"href":"https:\/\/xhander.com\/de\/wp-json\/wp\/v2\/pages\/1239","targetHints":{"allow":["GET"]}}],"collection":[{"href":"https:\/\/xhander.com\/de\/wp-json\/wp\/v2\/pages"}],"about":[{"href":"https:\/\/xhander.com\/de\/wp-json\/wp\/v2\/types\/page"}],"author":[{"embeddable":true,"href":"https:\/\/xhander.com\/de\/wp-json\/wp\/v2\/users\/1"}],"replies":[{"embeddable":true,"href":"https:\/\/xhander.com\/de\/wp-json\/wp\/v2\/comments?post=1239"}],"version-history":[{"count":4,"href":"https:\/\/xhander.com\/de\/wp-json\/wp\/v2\/pages\/1239\/revisions"}],"predecessor-version":[{"id":1486,"href":"https:\/\/xhander.com\/de\/wp-json\/wp\/v2\/pages\/1239\/revisions\/1486"}],"wp:attachment":[{"href":"https:\/\/xhander.com\/de\/wp-json\/wp\/v2\/media?parent=1239"}],"curies":[{"name":"wp","href":"https:\/\/api.w.org\/{rel}","templated":true}]}}