{"id":1233,"date":"2023-06-20T16:47:56","date_gmt":"2023-06-20T14:47:56","guid":{"rendered":"https:\/\/xhander.com\/cookies\/"},"modified":"2026-01-06T19:07:06","modified_gmt":"2026-01-06T18:07:06","slug":"cookies","status":"publish","type":"page","link":"https:\/\/xhander.com\/de\/cookies\/","title":{"rendered":"Cookies"},"content":{"rendered":"<div class=\"container\">\n<p>Der Schutz Ihrer Daten liegt uns am Herzen.<br>Wir setzen Cookies ein, um Ihnen Folgendes zu gew\u00e4hrleisten:<\/p>\n<\/div>\n\n<div class=\"container\">\n<ul class=\"wp-block-list\"><div class=\"container\">\n<li>ein sicheres Surferlebnis<\/li>\n<\/div>\n\n<div class=\"container\">\n<li>auf Ihre Interessen zugeschnittene Inhalte<\/li>\n<\/div>\n\n<div class=\"container\">\n<li>die Erhebung von Statistiken zur Weiterentwicklung der Website<\/li>\n<\/div><\/ul>\n<\/div>\n\n<div class=\"container\">\n<p>Sie k\u00f6nnen Ihre Meinung jederzeit \u00e4ndern, indem Sie Ihre Cookie-Einstellungen anpassen.<\/p>\n<\/div>\n\n<div class=\"container\">\n<p>Cookies sind kleine Textdateien, die von Websites verwendet werden k\u00f6nnen, um die Benutzererfahrung effizienter zu gestalten.<\/p>\n<\/div>\n\n<div class=\"container\">\n<p>Das Gesetz schreibt vor, dass wir Cookies nur dann auf Ihrem Ger\u00e4t speichern d\u00fcrfen, wenn sie f\u00fcr den Betrieb dieser Website unbedingt erforderlich sind. F\u00fcr alle anderen Arten von Cookies ben\u00f6tigen wir Ihre Zustimmung.<\/p>\n<\/div>\n\n<div class=\"container\">\n<p>Diese Website verwendet verschiedene Arten von Cookies. Einige Cookies werden von Drittanbietern gesetzt, die auf unseren Seiten erscheinen.<\/p>\n<\/div>\n\n<div class=\"container\">\n<p>Weitere Informationen dar\u00fcber, wer wir sind, wie Sie uns kontaktieren k\u00f6nnen und wie wir personenbezogene Daten verarbeiten, finden Sie in unseren rechtlichen Hinweisen.<br><br>Weitere Informationen \u00fcber uns, wie Sie uns kontaktieren k\u00f6nnen und wie wir personenbezogene Daten verarbeiten, finden Sie in unseren rechtlichen Hinweisen.<\/p>\n<\/div>\n\n<div class=\"container\">\n<p>Ihre Zustimmung gilt f\u00fcr die folgende Domain: www.xhander.com<\/p>\n<\/div>\n\n<div class=\"container\">\n<p>Um Ihre Zustimmung zu \u00e4ndern oder alle unsere Partner, die von ihnen gesetzten Cookies und deren Verarbeitungszwecke einzusehen, klicken Sie bitte <a href=\"javascript:Didomi.preferences.show()\">hier<\/a>.<\/p>\n<\/div>\n\n<div class=\"container\">\n<div style=\"height:60px\" aria-hidden=\"true\" class=\"wp-block-spacer\"><\/div>\n<\/div>\n\n<div class=\"m9-slogan bg-site bg-1\">\n  <div class=\"slogan\">\n    <div class=\"marquee\">\n      <div class=\"marquee__inner\" aria-hidden=\"true\">\n        <span><\/span>\n        <span><\/span>\n        <span><\/span>\n      <\/div>\n    <\/div>\n\n    <div class=\"marquee\">\n      <div class=\"marquee__inner left\" aria-hidden=\"true\">\n        <span><\/span>\n        <span><\/span>\n        <span><\/span>\n      <\/div>\n    <\/div>\n  <\/div>\n<\/div>","protected":false},"excerpt":{"rendered":"<p>Der Schutz Ihrer Daten liegt uns am Herzen.Wir setzen Cookies ein, um Ihnen Folgendes zu gew\u00e4hrleisten: Sie k\u00f6nnen Ihre Meinung jederzeit \u00e4ndern, indem Sie Ihre Cookie-Einstellungen anpassen. Cookies sind kleine Textdateien, die von Websites verwendet werden k\u00f6nnen, um die Benutzererfahrung effizienter zu gestalten. Das Gesetz schreibt vor, dass wir Cookies nur dann auf Ihrem Ger\u00e4t [&hellip;]<\/p>\n","protected":false},"author":2,"featured_media":0,"parent":0,"menu_order":0,"comment_status":"closed","ping_status":"closed","template":"","meta":{"_acf_changed":false,"footnotes":""},"class_list":["post-1233","page","type-page","status-publish","hentry"],"acf":[],"yoast_head":"<!-- This site is optimized with the Yoast SEO plugin v26.9 - https:\/\/yoast.com\/product\/yoast-seo-wordpress\/ -->\n<title>Cookies - XHANDER<\/title>\n<meta name=\"robots\" content=\"index, follow, max-snippet:-1, max-image-preview:large, max-video-preview:-1\" \/>\n<link rel=\"canonical\" href=\"https:\/\/xhander.com\/de\/cookies\/\" \/>\n<meta property=\"og:locale\" content=\"de_DE\" \/>\n<meta property=\"og:type\" content=\"article\" \/>\n<meta property=\"og:title\" content=\"Cookies - XHANDER\" \/>\n<meta property=\"og:description\" content=\"Der Schutz Ihrer Daten liegt uns am Herzen.Wir setzen Cookies ein, um Ihnen Folgendes zu gew\u00e4hrleisten: Sie k\u00f6nnen Ihre Meinung jederzeit \u00e4ndern, indem Sie Ihre Cookie-Einstellungen anpassen. Cookies sind kleine Textdateien, die von Websites verwendet werden k\u00f6nnen, um die Benutzererfahrung effizienter zu gestalten. Das Gesetz schreibt vor, dass wir Cookies nur dann auf Ihrem Ger\u00e4t [&hellip;]\" \/>\n<meta property=\"og:url\" content=\"https:\/\/xhander.com\/de\/cookies\/\" \/>\n<meta property=\"og:site_name\" content=\"XHANDER\" \/>\n<meta property=\"article:modified_time\" content=\"2026-01-06T18:07:06+00:00\" \/>\n<meta name=\"twitter:card\" content=\"summary_large_image\" \/>\n<meta name=\"twitter:label1\" content=\"Gesch\u00e4tzte Lesezeit\" \/>\n\t<meta name=\"twitter:data1\" content=\"1\u00a0Minute\" \/>\n<script type=\"application\/ld+json\" class=\"yoast-schema-graph\">{\"@context\":\"https:\/\/schema.org\",\"@graph\":[{\"@type\":\"WebPage\",\"@id\":\"https:\/\/xhander.com\/de\/cookies\/\",\"url\":\"https:\/\/xhander.com\/de\/cookies\/\",\"name\":\"Cookies - XHANDER\",\"isPartOf\":{\"@id\":\"https:\/\/xhander.com\/#website\"},\"datePublished\":\"2023-06-20T14:47:56+00:00\",\"dateModified\":\"2026-01-06T18:07:06+00:00\",\"breadcrumb\":{\"@id\":\"https:\/\/xhander.com\/de\/cookies\/#breadcrumb\"},\"inLanguage\":\"de\",\"potentialAction\":[{\"@type\":\"ReadAction\",\"target\":[\"https:\/\/xhander.com\/de\/cookies\/\"]}]},{\"@type\":\"BreadcrumbList\",\"@id\":\"https:\/\/xhander.com\/de\/cookies\/#breadcrumb\",\"itemListElement\":[{\"@type\":\"ListItem\",\"position\":1,\"name\":\"Accueil\",\"item\":\"https:\/\/xhander.com\/de\/\"},{\"@type\":\"ListItem\",\"position\":2,\"name\":\"Cookies\"}]},{\"@type\":\"WebSite\",\"@id\":\"https:\/\/xhander.com\/#website\",\"url\":\"https:\/\/xhander.com\/\",\"name\":\"XHANDER\",\"description\":\"Produits, outils et fournitures pour les professionnels de la construction\",\"publisher\":{\"@id\":\"https:\/\/xhander.com\/#organization\"},\"potentialAction\":[{\"@type\":\"SearchAction\",\"target\":{\"@type\":\"EntryPoint\",\"urlTemplate\":\"https:\/\/xhander.com\/?s={search_term_string}\"},\"query-input\":{\"@type\":\"PropertyValueSpecification\",\"valueRequired\":true,\"valueName\":\"search_term_string\"}}],\"inLanguage\":\"de\"},{\"@type\":\"Organization\",\"@id\":\"https:\/\/xhander.com\/#organization\",\"name\":\"XHANDER\",\"url\":\"https:\/\/xhander.com\/\",\"logo\":{\"@type\":\"ImageObject\",\"inLanguage\":\"de\",\"@id\":\"https:\/\/xhander.com\/#\/schema\/logo\/image\/\",\"url\":\"https:\/\/xhander.com\/wp-content\/uploads\/2022\/04\/logo-xhander.png\",\"contentUrl\":\"https:\/\/xhander.com\/wp-content\/uploads\/2022\/04\/logo-xhander.png\",\"width\":309,\"height\":54,\"caption\":\"XHANDER\"},\"image\":{\"@id\":\"https:\/\/xhander.com\/#\/schema\/logo\/image\/\"}}]}<\/script>\n<!-- \/ Yoast SEO plugin. -->","yoast_head_json":{"title":"Cookies - XHANDER","robots":{"index":"index","follow":"follow","max-snippet":"max-snippet:-1","max-image-preview":"max-image-preview:large","max-video-preview":"max-video-preview:-1"},"canonical":"https:\/\/xhander.com\/de\/cookies\/","og_locale":"de_DE","og_type":"article","og_title":"Cookies - XHANDER","og_description":"Der Schutz Ihrer Daten liegt uns am Herzen.Wir setzen Cookies ein, um Ihnen Folgendes zu gew\u00e4hrleisten: Sie k\u00f6nnen Ihre Meinung jederzeit \u00e4ndern, indem Sie Ihre Cookie-Einstellungen anpassen. Cookies sind kleine Textdateien, die von Websites verwendet werden k\u00f6nnen, um die Benutzererfahrung effizienter zu gestalten. Das Gesetz schreibt vor, dass wir Cookies nur dann auf Ihrem Ger\u00e4t [&hellip;]","og_url":"https:\/\/xhander.com\/de\/cookies\/","og_site_name":"XHANDER","article_modified_time":"2026-01-06T18:07:06+00:00","twitter_card":"summary_large_image","twitter_misc":{"Gesch\u00e4tzte Lesezeit":"1\u00a0Minute"},"schema":{"@context":"https:\/\/schema.org","@graph":[{"@type":"WebPage","@id":"https:\/\/xhander.com\/de\/cookies\/","url":"https:\/\/xhander.com\/de\/cookies\/","name":"Cookies - XHANDER","isPartOf":{"@id":"https:\/\/xhander.com\/#website"},"datePublished":"2023-06-20T14:47:56+00:00","dateModified":"2026-01-06T18:07:06+00:00","breadcrumb":{"@id":"https:\/\/xhander.com\/de\/cookies\/#breadcrumb"},"inLanguage":"de","potentialAction":[{"@type":"ReadAction","target":["https:\/\/xhander.com\/de\/cookies\/"]}]},{"@type":"BreadcrumbList","@id":"https:\/\/xhander.com\/de\/cookies\/#breadcrumb","itemListElement":[{"@type":"ListItem","position":1,"name":"Accueil","item":"https:\/\/xhander.com\/de\/"},{"@type":"ListItem","position":2,"name":"Cookies"}]},{"@type":"WebSite","@id":"https:\/\/xhander.com\/#website","url":"https:\/\/xhander.com\/","name":"XHANDER","description":"Produits, outils et fournitures pour les professionnels de la construction","publisher":{"@id":"https:\/\/xhander.com\/#organization"},"potentialAction":[{"@type":"SearchAction","target":{"@type":"EntryPoint","urlTemplate":"https:\/\/xhander.com\/?s={search_term_string}"},"query-input":{"@type":"PropertyValueSpecification","valueRequired":true,"valueName":"search_term_string"}}],"inLanguage":"de"},{"@type":"Organization","@id":"https:\/\/xhander.com\/#organization","name":"XHANDER","url":"https:\/\/xhander.com\/","logo":{"@type":"ImageObject","inLanguage":"de","@id":"https:\/\/xhander.com\/#\/schema\/logo\/image\/","url":"https:\/\/xhander.com\/wp-content\/uploads\/2022\/04\/logo-xhander.png","contentUrl":"https:\/\/xhander.com\/wp-content\/uploads\/2022\/04\/logo-xhander.png","width":309,"height":54,"caption":"XHANDER"},"image":{"@id":"https:\/\/xhander.com\/#\/schema\/logo\/image\/"}}]}},"_links":{"self":[{"href":"https:\/\/xhander.com\/de\/wp-json\/wp\/v2\/pages\/1233","targetHints":{"allow":["GET"]}}],"collection":[{"href":"https:\/\/xhander.com\/de\/wp-json\/wp\/v2\/pages"}],"about":[{"href":"https:\/\/xhander.com\/de\/wp-json\/wp\/v2\/types\/page"}],"author":[{"embeddable":true,"href":"https:\/\/xhander.com\/de\/wp-json\/wp\/v2\/users\/2"}],"replies":[{"embeddable":true,"href":"https:\/\/xhander.com\/de\/wp-json\/wp\/v2\/comments?post=1233"}],"version-history":[{"count":3,"href":"https:\/\/xhander.com\/de\/wp-json\/wp\/v2\/pages\/1233\/revisions"}],"predecessor-version":[{"id":1237,"href":"https:\/\/xhander.com\/de\/wp-json\/wp\/v2\/pages\/1233\/revisions\/1237"}],"wp:attachment":[{"href":"https:\/\/xhander.com\/de\/wp-json\/wp\/v2\/media?parent=1233"}],"curies":[{"name":"wp","href":"https:\/\/api.w.org\/{rel}","templated":true}]}}