{"id":1227,"date":"2022-04-15T11:31:00","date_gmt":"2022-04-15T09:31:00","guid":{"rendered":"https:\/\/xhander.com\/mentions-legales\/"},"modified":"2026-01-06T18:48:17","modified_gmt":"2026-01-06T17:48:17","slug":"rechtliche-hinweise","status":"publish","type":"page","link":"https:\/\/xhander.com\/de\/rechtliche-hinweise\/","title":{"rendered":"Rechtliche Hinweise"},"content":{"rendered":"<div class=\"container\">\n<div style=\"height:60px\" aria-hidden=\"true\" class=\"wp-block-spacer\"><\/div>\n<\/div>\n\n<div class=\"container\">\n<h2 class=\"wp-block-heading\">IDENTIFIZIERUNG UND VER\u00d6FFENTLICHUNG<\/h2>\n<\/div>\n\n<div class=\"container\">\n<p>Diese Website wird herausgegeben von: SOGEDESCA (Soci\u00e9t\u00e9 de Gestion des services communs du groupe DESCOURS &amp; CABAUD),<\/p>\n<\/div>\n\n<div class=\"container\">\n<p>Aktiengesellschaft mit einem Kapital von 500.000 Euro<\/p>\n<\/div>\n\n<div class=\"container\">\n<p>Firmensitz: 10 rue g\u00e9n\u00e9ral Plessier \u2013 69002 LYON<\/p>\n<\/div>\n\n<div class=\"container\">\n<p>SIREN-Nr.: 965 507 684 RCS LYON<\/p>\n<\/div>\n\n<div class=\"container\">\n<p>Individuelle Umsatzsteuer-Identifikationsnummer: FR 50 965 507 684<\/p>\n<\/div>\n\n<div class=\"container\">\n<p>Telefon: 04 72 40 85 85, E-Mail: <a href=\"mailto:com@descours-cabaud.net\">com@descours-cabaud.net<\/a><\/p>\n<\/div>\n\n<div class=\"container\">\n<p>Verantwortlicher Herausgeber ist Herr Herv\u00e9 PATIN in seiner Eigenschaft als Leiter der Abteilung Ressourcen.<\/p>\n<\/div>\n\n<div class=\"container\">\n<div style=\"height:60px\" aria-hidden=\"true\" class=\"wp-block-spacer\"><\/div>\n<\/div>\n\n<div class=\"container\">\n<h2 class=\"wp-block-heading\">HOSTING-ANBIETER<\/h2>\n<\/div>\n\n<div class=\"container\">\n<p>Der Hosting-Anbieter der Website ist: INFODESCA, SARL mit einem Kapital von 12.800 Euro<\/p>\n<\/div>\n\n<div class=\"container\">\n<p>Firmensitz: 10 rue g\u00e9n\u00e9ral Plessier \u2013 69002 LYON<\/p>\n<\/div>\n\n<div class=\"container\">\n<p>SIREN-Nr.: 343 222 311 RCS LYON<\/p>\n<\/div>\n\n<div class=\"container\">\n<p>Telefon: +33 (0)4 72 40 85 85, E-Mail:<a href=\"mailto:com@descours-cabaud.net\">com@descours-cabaud.net<\/a><\/p>\n<\/div>\n\n<div class=\"container\">\n<div style=\"height:60px\" aria-hidden=\"true\" class=\"wp-block-spacer\"><\/div>\n<\/div>\n\n<div class=\"container\">\n<h2 class=\"wp-block-heading\">ZWECK DER WEBSITE<\/h2>\n<\/div>\n\n<div class=\"container\">\n<p>Der Zweck dieser Website besteht darin, Informationen \u00fcber die Produktpalette von XHANDER bereitzustellen.<\/p>\n<\/div>\n\n<div class=\"container\">\n<div style=\"height:60px\" aria-hidden=\"true\" class=\"wp-block-spacer\"><\/div>\n<\/div>\n\n<div class=\"container\">\n<h2 class=\"wp-block-heading\">ZUGANG ZUR WEBSITE<\/h2>\n<\/div>\n\n<div class=\"container\">\n<p>F\u00fcr den Zugang zur Website ist ein Internetzugang mit einer ausreichenden Bandbreite erforderlich, um den gesamten Inhalt anzeigen zu k\u00f6nnen.<\/p>\n<\/div>\n\n<div class=\"container\">\n<p>Die Website ist f\u00fcr Benutzer normalerweise jederzeit, rund um die Uhr und an sieben Tagen in der Woche zug\u00e4nglich, au\u00dfer in F\u00e4llen von Weiterentwicklungs- oder Korrekturwartungsarbeiten, h\u00f6herer Gewalt oder Verbindungsproblemen im Zusammenhang mit dem Internet oder anderen technischen Schwierigkeiten, f\u00fcr die wir nicht haftbar gemacht werden k\u00f6nnen.<\/p>\n<\/div>\n\n<div class=\"container\">\n<div style=\"height:60px\" aria-hidden=\"true\" class=\"wp-block-spacer\"><\/div>\n<\/div>\n\n<div class=\"container\">\n<h2 class=\"wp-block-heading\">GEISTIGES EIGENTUM<\/h2>\n<\/div>\n\n<div class=\"container\">\n<p><br>Die Darstellung und der Inhalt der Website bilden zusammen ein Werk, das durch die geltenden Gesetze zum geistigen Eigentum gesch\u00fctzt ist, deren Inhaber wir sind. Jede vollst\u00e4ndige oder teilweise Vervielf\u00e4ltigung und\/oder Darstellung ohne unsere vorherige schriftliche Zustimmung kann eine Verletzung des Gesetzes zum geistigen Eigentum darstellen und zivil- und\/oder strafrechtliche Folgen f\u00fcr den Verletzer nach sich ziehen.<\/p>\n<\/div>\n\n<div class=\"container\">\n<p>Die auf der Website dargestellten Zeichnungen, Fotos, Bilder, Texte, animierten Sequenzen mit oder ohne Ton, Datenbanken, Software und sonstigen Dokumentationen unterliegen gewerblichen und\/oder geistigen Eigentumsrechten und sind je nach Fall unser Eigentum oder das Eigentum Dritter, die uns die Nutzung ausschlie\u00dflich gestattet haben.<\/p>\n<\/div>\n\n<div class=\"container\">\n<p>Daher sind jegliche Vervielf\u00e4ltigung, Darstellung, Anpassung, \u00dcbersetzung und\/oder \u00c4nderung, ganz oder teilweise, oder die \u00dcbertragung auf eine andere Website verboten.<\/p>\n<\/div>\n\n<div class=\"container\">\n<div style=\"height:60px\" aria-hidden=\"true\" class=\"wp-block-spacer\"><\/div>\n<\/div>\n\n<div class=\"container\">\n<h2 class=\"wp-block-heading\">HYPERTEXT-LINKS<\/h2>\n<\/div>\n\n<div class=\"container\">\n<p>Unsere Website kann Hypertext-Links zu anderen Websites enthalten. Wir \u00fcbernehmen keine Verantwortung f\u00fcr andere Websites, auf die Sie \u00fcber unsere Website zugreifen k\u00f6nnen, und sind in keiner Weise f\u00fcr den Inhalt, den Betrieb und den Zugriff auf diese Websites verantwortlich.<\/p>\n<\/div>\n\n<div class=\"container\">\n<div style=\"height:60px\" aria-hidden=\"true\" class=\"wp-block-spacer\"><\/div>\n<\/div>\n\n<div class=\"container\">\n<h2 class=\"wp-block-heading\">PERSONENBEZOGENE DATEN UND COOKIES<\/h2>\n<\/div>\n\n<div class=\"container\">\n<p>Ihre von<a href=\"http:\/\/xhander.com\"> xhander.com<\/a> erhobenen Daten werden elektronisch verarbeitet. Die Daten sind f\u00fcr unsere Vertriebsabteilungen bestimmt, um Ihnen einen Online-Bestell- und Nachverfolgungsservice anbieten zu k\u00f6nnen.<\/p>\n<\/div>\n\n<div class=\"container\">\n<p>Gem\u00e4\u00df der Verordnung (EU) 2016\/679 des Europ\u00e4ischen Parlaments und des Rates vom 27. April 2016 haben Sie das Recht auf Zugang, Berichtigung, L\u00f6schung und \u00dcbertragbarkeit der Sie betreffenden Daten. Dar\u00fcber hinaus k\u00f6nnen Sie eine Einschr\u00e4nkung der Verarbeitung Ihrer Daten beantragen oder dieser widersprechen.<\/p>\n<\/div>\n\n<div class=\"container\">\n<p>In \u00dcbereinstimmung mit den geltenden Vorschriften und um den Schutz Ihrer personenbezogenen Daten zu gew\u00e4hrleisten, hat SOGEDESCA einen Datenschutzbeauftragten ernannt. Sie k\u00f6nnen dieses Recht aus\u00fcben, indem Sie einen Brief an folgende Adresse senden: SOGEDESCA \u2013 Zu H\u00e4nden des Datenschutzbeauftragten \u2013 10, Rue du G\u00e9n\u00e9ral Plessier \u2013 69002 LYON oder telefonisch unter 04 72 40 85 85 oder per E-Mail an folgende Adresse: <a href=\"mailto:dpo-fr@descours-cabaud.net\">dpo-fr@descours-cabaud.net<\/a>.<\/p>\n<\/div>\n\n<div class=\"container\">\n<p>Sie k\u00f6nnen unsere Newsletter auch jederzeit abbestellen, indem Sie auf den Link klicken, der in allen unseren E-Mails enthalten ist.<\/p>\n<\/div>\n\n<div class=\"container\">\n<p>Schlie\u00dflich haben Sie das Recht, bei der Aufsichtsbeh\u00f6rde Beschwerde einzulegen.<\/p>\n<\/div>\n\n<div class=\"container\">\n<p>Wir speichern Ihre personenbezogenen Daten und Bestelldaten so lange, wie es zur Erreichung des Zwecks ihrer Verarbeitung und zur Erf\u00fcllung der gesetzlichen und regulatorischen Verpflichtungen des Handelsgesetzbuches erforderlich ist.<\/p>\n<\/div>\n\n<div class=\"container\">\n<div style=\"height:60px\" aria-hidden=\"true\" class=\"wp-block-spacer\"><\/div>\n<\/div>\n\n<div class=\"container\">\n<h2 class=\"wp-block-heading\">HAFTUNGSBESCHR\u00c4NKUNG<\/h2>\n<\/div>\n\n<div class=\"container\">\n<p>Der Nutzer wird darauf hingewiesen, dass wir f\u00fcr die Qualit\u00e4t, Verf\u00fcgbarkeit oder Zuverl\u00e4ssigkeit von Telekommunikationsnetzen jeglicher Art beim Zugriff auf die Website nicht verantwortlich sind.<\/p>\n<\/div>\n\n<div class=\"container\">\n<p>Es obliegt dem Nutzer, alle geeigneten Ma\u00dfnahmen zu ergreifen, um seine eigenen Daten, Software und Hardware vor Viren oder anderen Formen von Angriffen zu sch\u00fctzen, die m\u00f6glicherweise \u00fcber das Internet oder die Website verbreitet werden. Wir k\u00f6nnen in keinem Fall f\u00fcr diese Risiken und ihre Folgen haftbar gemacht werden, unabh\u00e4ngig vom Ausma\u00df des Schadens f\u00fcr den Nutzer.<\/p>\n<\/div>\n\n<div class=\"container\">\n<p>Wir bem\u00fchen uns, auf der Website m\u00f6glichst genaue Informationen bereitzustellen. Wir k\u00f6nnen jedoch nicht f\u00fcr Auslassungen, Ungenauigkeiten und M\u00e4ngel bei der Aktualisierung haftbar gemacht werden, unabh\u00e4ngig davon, ob diese von uns oder von Dritten, die uns diese Informationen zur Verf\u00fcgung stellen, verursacht wurden.<\/p>\n<\/div>\n\n<div class=\"container\">\n<p>Wir behalten uns das Recht vor, den Inhalt der Website jederzeit und ohne Vorank\u00fcndigung zu \u00e4ndern, alle oder einen Teil der Funktionen der Website jederzeit und ohne Vorank\u00fcndigung zu unterbrechen oder auszusetzen. Wir k\u00f6nnen nicht f\u00fcr die Folgen dieser \u00c4nderungen und Unterbrechungen haftbar gemacht werden.<\/p>\n<\/div>\n\n<div class=\"container\">\n<p>Der Nutzer haftet uns und\/oder Dritten gegen\u00fcber f\u00fcr alle materiellen und\/oder immateriellen, direkten und\/oder indirekten Sch\u00e4den jeglicher Art, die durch den Nutzer und\/oder seine Mitarbeiter aufgrund einer Nutzung der Website oder ihrer Inhalte verursacht werden, die nicht den vorliegenden Nutzungsbedingungen entspricht.<\/p>\n<\/div>\n\n<div class=\"container\">\n<div style=\"height:60px\" aria-hidden=\"true\" class=\"wp-block-spacer\"><\/div>\n<\/div>\n\n<div class=\"container\">\n<h2 class=\"wp-block-heading\">ANWENDBARES RECHT<\/h2>\n<\/div>\n\n<div class=\"container\">\n<p>Diese Website und ihre rechtlichen Hinweise<\/p>\n<\/div>\n\n<div class=\"container\">\n<p>Die Website und ihre Inhalte unterliegen den franz\u00f6sischen Rechtsvorschriften. Alle Streitigkeiten im Zusammenhang mit der Navigation oder der Nutzung der Website, insbesondere mit den vorliegenden allgemeinen Nutzungsbedingungen und der Datenschutzerkl\u00e4rung, unterliegen der ausschlie\u00dflichen Zust\u00e4ndigkeit der Gerichte von Lyon.<\/p>\n<\/div>\n\n<div class=\"container\">\n<p><\/p>\n<\/div>\n\n<div class=\"container\">\n<p>Datum der letzten Aktualisierung:<\/p>\n<\/div>\n\n<div class=\"container\">\n<p>11.05.2023<\/p>\n<\/div>\n\n<div class=\"container\">\n<div style=\"height:60px\" aria-hidden=\"true\" class=\"wp-block-spacer\"><\/div>\n<\/div>\n\n<div class=\"m9-slogan bg-site bg-1\">\n  <div class=\"slogan\">\n    <div class=\"marquee\">\n      <div class=\"marquee__inner\" aria-hidden=\"true\">\n        <span><\/span>\n        <span><\/span>\n        <span><\/span>\n      <\/div>\n    <\/div>\n\n    <div class=\"marquee\">\n      <div class=\"marquee__inner left\" aria-hidden=\"true\">\n        <span><\/span>\n        <span><\/span>\n        <span><\/span>\n      <\/div>\n    <\/div>\n  <\/div>\n<\/div>","protected":false},"excerpt":{"rendered":"<p>IDENTIFIZIERUNG UND VER\u00d6FFENTLICHUNG Diese Website wird herausgegeben von: SOGEDESCA (Soci\u00e9t\u00e9 de Gestion des services communs du groupe DESCOURS &amp; CABAUD), Aktiengesellschaft mit einem Kapital von 500.000 Euro Firmensitz: 10 rue g\u00e9n\u00e9ral Plessier \u2013 69002 LYON SIREN-Nr.: 965 507 684 RCS LYON Individuelle Umsatzsteuer-Identifikationsnummer: FR 50 965 507 684 Telefon: 04 72 40 85 85, E-Mail: [&hellip;]<\/p>\n","protected":false},"author":1,"featured_media":0,"parent":0,"menu_order":0,"comment_status":"closed","ping_status":"closed","template":"","meta":{"_acf_changed":false,"footnotes":""},"class_list":["post-1227","page","type-page","status-publish","hentry"],"acf":[],"yoast_head":"<!-- This site is optimized with the Yoast SEO plugin v26.9 - https:\/\/yoast.com\/product\/yoast-seo-wordpress\/ -->\n<title>Rechtliche Hinweise - XHANDER<\/title>\n<meta name=\"robots\" content=\"index, follow, max-snippet:-1, max-image-preview:large, max-video-preview:-1\" \/>\n<link rel=\"canonical\" href=\"https:\/\/xhander.com\/de\/rechtliche-hinweise\/\" \/>\n<meta property=\"og:locale\" content=\"de_DE\" \/>\n<meta property=\"og:type\" content=\"article\" \/>\n<meta property=\"og:title\" content=\"Rechtliche Hinweise - XHANDER\" \/>\n<meta property=\"og:description\" content=\"IDENTIFIZIERUNG UND VER\u00d6FFENTLICHUNG Diese Website wird herausgegeben von: SOGEDESCA (Soci\u00e9t\u00e9 de Gestion des services communs du groupe DESCOURS &amp; CABAUD), Aktiengesellschaft mit einem Kapital von 500.000 Euro Firmensitz: 10 rue g\u00e9n\u00e9ral Plessier \u2013 69002 LYON SIREN-Nr.: 965 507 684 RCS LYON Individuelle Umsatzsteuer-Identifikationsnummer: FR 50 965 507 684 Telefon: 04 72 40 85 85, E-Mail: [&hellip;]\" \/>\n<meta property=\"og:url\" content=\"https:\/\/xhander.com\/de\/rechtliche-hinweise\/\" \/>\n<meta property=\"og:site_name\" content=\"XHANDER\" \/>\n<meta property=\"article:modified_time\" content=\"2026-01-06T17:48:17+00:00\" \/>\n<meta name=\"twitter:card\" content=\"summary_large_image\" \/>\n<meta name=\"twitter:label1\" content=\"Gesch\u00e4tzte Lesezeit\" \/>\n\t<meta name=\"twitter:data1\" content=\"5\u00a0Minuten\" \/>\n<script type=\"application\/ld+json\" class=\"yoast-schema-graph\">{\"@context\":\"https:\/\/schema.org\",\"@graph\":[{\"@type\":\"WebPage\",\"@id\":\"https:\/\/xhander.com\/de\/rechtliche-hinweise\/\",\"url\":\"https:\/\/xhander.com\/de\/rechtliche-hinweise\/\",\"name\":\"Rechtliche Hinweise - XHANDER\",\"isPartOf\":{\"@id\":\"https:\/\/xhander.com\/#website\"},\"datePublished\":\"2022-04-15T09:31:00+00:00\",\"dateModified\":\"2026-01-06T17:48:17+00:00\",\"breadcrumb\":{\"@id\":\"https:\/\/xhander.com\/de\/rechtliche-hinweise\/#breadcrumb\"},\"inLanguage\":\"de\",\"potentialAction\":[{\"@type\":\"ReadAction\",\"target\":[\"https:\/\/xhander.com\/de\/rechtliche-hinweise\/\"]}]},{\"@type\":\"BreadcrumbList\",\"@id\":\"https:\/\/xhander.com\/de\/rechtliche-hinweise\/#breadcrumb\",\"itemListElement\":[{\"@type\":\"ListItem\",\"position\":1,\"name\":\"Accueil\",\"item\":\"https:\/\/xhander.com\/de\/\"},{\"@type\":\"ListItem\",\"position\":2,\"name\":\"Rechtliche Hinweise\"}]},{\"@type\":\"WebSite\",\"@id\":\"https:\/\/xhander.com\/#website\",\"url\":\"https:\/\/xhander.com\/\",\"name\":\"XHANDER\",\"description\":\"Produits, outils et fournitures pour les professionnels de la construction\",\"publisher\":{\"@id\":\"https:\/\/xhander.com\/#organization\"},\"potentialAction\":[{\"@type\":\"SearchAction\",\"target\":{\"@type\":\"EntryPoint\",\"urlTemplate\":\"https:\/\/xhander.com\/?s={search_term_string}\"},\"query-input\":{\"@type\":\"PropertyValueSpecification\",\"valueRequired\":true,\"valueName\":\"search_term_string\"}}],\"inLanguage\":\"de\"},{\"@type\":\"Organization\",\"@id\":\"https:\/\/xhander.com\/#organization\",\"name\":\"XHANDER\",\"url\":\"https:\/\/xhander.com\/\",\"logo\":{\"@type\":\"ImageObject\",\"inLanguage\":\"de\",\"@id\":\"https:\/\/xhander.com\/#\/schema\/logo\/image\/\",\"url\":\"https:\/\/xhander.com\/wp-content\/uploads\/2022\/04\/logo-xhander.png\",\"contentUrl\":\"https:\/\/xhander.com\/wp-content\/uploads\/2022\/04\/logo-xhander.png\",\"width\":309,\"height\":54,\"caption\":\"XHANDER\"},\"image\":{\"@id\":\"https:\/\/xhander.com\/#\/schema\/logo\/image\/\"}}]}<\/script>\n<!-- \/ Yoast SEO plugin. -->","yoast_head_json":{"title":"Rechtliche Hinweise - XHANDER","robots":{"index":"index","follow":"follow","max-snippet":"max-snippet:-1","max-image-preview":"max-image-preview:large","max-video-preview":"max-video-preview:-1"},"canonical":"https:\/\/xhander.com\/de\/rechtliche-hinweise\/","og_locale":"de_DE","og_type":"article","og_title":"Rechtliche Hinweise - XHANDER","og_description":"IDENTIFIZIERUNG UND VER\u00d6FFENTLICHUNG Diese Website wird herausgegeben von: SOGEDESCA (Soci\u00e9t\u00e9 de Gestion des services communs du groupe DESCOURS &amp; CABAUD), Aktiengesellschaft mit einem Kapital von 500.000 Euro Firmensitz: 10 rue g\u00e9n\u00e9ral Plessier \u2013 69002 LYON SIREN-Nr.: 965 507 684 RCS LYON Individuelle Umsatzsteuer-Identifikationsnummer: FR 50 965 507 684 Telefon: 04 72 40 85 85, E-Mail: [&hellip;]","og_url":"https:\/\/xhander.com\/de\/rechtliche-hinweise\/","og_site_name":"XHANDER","article_modified_time":"2026-01-06T17:48:17+00:00","twitter_card":"summary_large_image","twitter_misc":{"Gesch\u00e4tzte Lesezeit":"5\u00a0Minuten"},"schema":{"@context":"https:\/\/schema.org","@graph":[{"@type":"WebPage","@id":"https:\/\/xhander.com\/de\/rechtliche-hinweise\/","url":"https:\/\/xhander.com\/de\/rechtliche-hinweise\/","name":"Rechtliche Hinweise - XHANDER","isPartOf":{"@id":"https:\/\/xhander.com\/#website"},"datePublished":"2022-04-15T09:31:00+00:00","dateModified":"2026-01-06T17:48:17+00:00","breadcrumb":{"@id":"https:\/\/xhander.com\/de\/rechtliche-hinweise\/#breadcrumb"},"inLanguage":"de","potentialAction":[{"@type":"ReadAction","target":["https:\/\/xhander.com\/de\/rechtliche-hinweise\/"]}]},{"@type":"BreadcrumbList","@id":"https:\/\/xhander.com\/de\/rechtliche-hinweise\/#breadcrumb","itemListElement":[{"@type":"ListItem","position":1,"name":"Accueil","item":"https:\/\/xhander.com\/de\/"},{"@type":"ListItem","position":2,"name":"Rechtliche Hinweise"}]},{"@type":"WebSite","@id":"https:\/\/xhander.com\/#website","url":"https:\/\/xhander.com\/","name":"XHANDER","description":"Produits, outils et fournitures pour les professionnels de la construction","publisher":{"@id":"https:\/\/xhander.com\/#organization"},"potentialAction":[{"@type":"SearchAction","target":{"@type":"EntryPoint","urlTemplate":"https:\/\/xhander.com\/?s={search_term_string}"},"query-input":{"@type":"PropertyValueSpecification","valueRequired":true,"valueName":"search_term_string"}}],"inLanguage":"de"},{"@type":"Organization","@id":"https:\/\/xhander.com\/#organization","name":"XHANDER","url":"https:\/\/xhander.com\/","logo":{"@type":"ImageObject","inLanguage":"de","@id":"https:\/\/xhander.com\/#\/schema\/logo\/image\/","url":"https:\/\/xhander.com\/wp-content\/uploads\/2022\/04\/logo-xhander.png","contentUrl":"https:\/\/xhander.com\/wp-content\/uploads\/2022\/04\/logo-xhander.png","width":309,"height":54,"caption":"XHANDER"},"image":{"@id":"https:\/\/xhander.com\/#\/schema\/logo\/image\/"}}]}},"_links":{"self":[{"href":"https:\/\/xhander.com\/de\/wp-json\/wp\/v2\/pages\/1227","targetHints":{"allow":["GET"]}}],"collection":[{"href":"https:\/\/xhander.com\/de\/wp-json\/wp\/v2\/pages"}],"about":[{"href":"https:\/\/xhander.com\/de\/wp-json\/wp\/v2\/types\/page"}],"author":[{"embeddable":true,"href":"https:\/\/xhander.com\/de\/wp-json\/wp\/v2\/users\/1"}],"replies":[{"embeddable":true,"href":"https:\/\/xhander.com\/de\/wp-json\/wp\/v2\/comments?post=1227"}],"version-history":[{"count":3,"href":"https:\/\/xhander.com\/de\/wp-json\/wp\/v2\/pages\/1227\/revisions"}],"predecessor-version":[{"id":1232,"href":"https:\/\/xhander.com\/de\/wp-json\/wp\/v2\/pages\/1227\/revisions\/1232"}],"wp:attachment":[{"href":"https:\/\/xhander.com\/de\/wp-json\/wp\/v2\/media?parent=1227"}],"curies":[{"name":"wp","href":"https:\/\/api.w.org\/{rel}","templated":true}]}}